{"id":9698,"date":"2025-08-01T07:47:19","date_gmt":"2025-08-01T07:47:19","guid":{"rendered":"https:\/\/lefkascruises.com\/?page_id=9698"},"modified":"2025-08-01T07:49:33","modified_gmt":"2025-08-01T07:49:33","slug":"termeni-si-conditii","status":"publish","type":"page","link":"https:\/\/lefkascruises.com\/ro\/termeni-si-conditii\/","title":{"rendered":"Termeni \u0219i Condi\u021bii"},"content":{"rendered":"<div data-elementor-type=\"wp-page\" data-elementor-id=\"9698\" class=\"elementor elementor-9698\">\n\t\t\t\t\t\t<section class=\"elementor-section elementor-top-section elementor-element elementor-element-c08454a elementor-section-height-min-height elementor-section-boxed elementor-section-height-default elementor-section-items-middle\" data-id=\"c08454a\" data-element_type=\"section\" data-settings=\"{&quot;background_background&quot;:&quot;classic&quot;,&quot;hoteller_ext_is_background_parallax&quot;:&quot;true&quot;,&quot;hoteller_ext_is_background_parallax_speed&quot;:{&quot;unit&quot;:&quot;px&quot;,&quot;size&quot;:0.1,&quot;sizes&quot;:[]},&quot;hoteller_ext_is_background_backdrop&quot;:&quot;false&quot;,&quot;hoteller_ext_is_background_on_scroll&quot;:&quot;false&quot;}\">\n\t\t\t\t\t\t\t<div class=\"elementor-background-overlay\"><\/div>\n\t\t\t\t\t\t\t<div class=\"elementor-container elementor-column-gap-default\">\n\t\t\t\t\t<div class=\"elementor-column elementor-col-100 elementor-top-column elementor-element elementor-element-407240d\" data-id=\"407240d\" data-element_type=\"column\" data-settings=\"{&quot;hoteller_ext_link_sidemenu&quot;:&quot;false&quot;,&quot;hoteller_ext_link_fullmenu&quot;:&quot;false&quot;,&quot;hoteller_ext_link_closed_fullmenu&quot;:&quot;false&quot;,&quot;hoteller_ext_is_scrollme&quot;:&quot;false&quot;,&quot;hoteller_ext_is_smoove&quot;:&quot;false&quot;,&quot;hoteller_ext_is_parallax_mouse&quot;:&quot;false&quot;,&quot;hoteller_ext_is_infinite&quot;:&quot;false&quot;,&quot;hoteller_ext_is_fadeout_animation&quot;:&quot;false&quot;,&quot;hoteller_ext_mobile_static&quot;:&quot;false&quot;}\">\n\t\t\t<div class=\"elementor-widget-wrap elementor-element-populated\">\n\t\t\t\t\t\t<div class=\"elementor-element elementor-element-e10866c elementor-widget elementor-widget-heading\" data-id=\"e10866c\" data-element_type=\"widget\" data-settings=\"{&quot;hoteller_ext_link_sidemenu&quot;:&quot;false&quot;,&quot;hoteller_ext_link_fullmenu&quot;:&quot;false&quot;,&quot;hoteller_ext_link_closed_fullmenu&quot;:&quot;false&quot;,&quot;hoteller_ext_is_scrollme&quot;:&quot;false&quot;,&quot;hoteller_ext_is_smoove&quot;:&quot;false&quot;,&quot;hoteller_ext_is_parallax_mouse&quot;:&quot;false&quot;,&quot;hoteller_ext_is_infinite&quot;:&quot;false&quot;,&quot;hoteller_ext_is_fadeout_animation&quot;:&quot;false&quot;,&quot;hoteller_ext_mobile_static&quot;:&quot;false&quot;}\" data-widget_type=\"heading.default\">\n\t\t\t\t<div class=\"elementor-widget-container\">\n\t\t\t\t\t<h1 class=\"elementor-heading-title elementor-size-default\">Termeni \u0219i Condi\u021bii<\/h1>\t\t\t\t<\/div>\n\t\t\t\t<\/div>\n\t\t\t\t\t<\/div>\n\t\t<\/div>\n\t\t\t\t\t<\/div>\n\t\t<\/section>\n\t\t\t\t<section class=\"elementor-section elementor-top-section elementor-element elementor-element-208b115 elementor-section-full_width elementor-section-height-default elementor-section-height-default\" data-id=\"208b115\" data-element_type=\"section\" data-settings=\"{&quot;hoteller_ext_is_background_parallax&quot;:&quot;false&quot;,&quot;hoteller_ext_is_background_backdrop&quot;:&quot;false&quot;,&quot;hoteller_ext_is_background_on_scroll&quot;:&quot;false&quot;}\">\n\t\t\t\t\t\t<div class=\"elementor-container elementor-column-gap-default\">\n\t\t\t\t\t<div class=\"elementor-column elementor-col-100 elementor-top-column elementor-element elementor-element-fb7ce21\" data-id=\"fb7ce21\" data-element_type=\"column\" data-settings=\"{&quot;hoteller_ext_link_sidemenu&quot;:&quot;false&quot;,&quot;hoteller_ext_link_fullmenu&quot;:&quot;false&quot;,&quot;hoteller_ext_link_closed_fullmenu&quot;:&quot;false&quot;,&quot;hoteller_ext_is_scrollme&quot;:&quot;false&quot;,&quot;hoteller_ext_is_smoove&quot;:&quot;false&quot;,&quot;hoteller_ext_is_parallax_mouse&quot;:&quot;false&quot;,&quot;hoteller_ext_is_infinite&quot;:&quot;false&quot;,&quot;hoteller_ext_is_fadeout_animation&quot;:&quot;false&quot;,&quot;hoteller_ext_mobile_static&quot;:&quot;false&quot;}\">\n\t\t\t<div class=\"elementor-widget-wrap elementor-element-populated\">\n\t\t\t\t\t\t<div class=\"elementor-element elementor-element-ca99167 elementor-widget elementor-widget-text-editor\" data-id=\"ca99167\" data-element_type=\"widget\" data-settings=\"{&quot;hoteller_ext_link_sidemenu&quot;:&quot;false&quot;,&quot;hoteller_ext_link_fullmenu&quot;:&quot;false&quot;,&quot;hoteller_ext_link_closed_fullmenu&quot;:&quot;false&quot;,&quot;hoteller_ext_is_scrollme&quot;:&quot;false&quot;,&quot;hoteller_ext_is_smoove&quot;:&quot;false&quot;,&quot;hoteller_ext_is_parallax_mouse&quot;:&quot;false&quot;,&quot;hoteller_ext_is_infinite&quot;:&quot;false&quot;,&quot;hoteller_ext_is_fadeout_animation&quot;:&quot;false&quot;,&quot;hoteller_ext_mobile_static&quot;:&quot;false&quot;}\" data-widget_type=\"text-editor.default\">\n\t\t\t\t<div class=\"elementor-widget-container\">\n\t\t\t\t\t\t\t\t\t<p>Termeni \u0219i Condi\u021bii pentru Seven Island Cruises<\/p><p>Data intr\u0103rii \u00een vigoare: 01\/05\/2025<\/p><p>Nume de firm\u0103 \u00eenregistrat: Seven Islands Cruises<\/p><p>Adres\u0103 sediu social: Nydri, Lefkada, 31100<\/p><p>Num\u0103rul de \u00eenregistrare al societ\u0103\u021bii: [Introduce\u021bi, dac\u0103 este cazul]<\/p><p>CUI: 97235383<\/p><p>Email: lefkascruises@gmail.com<\/p><p>Telefon: +30 6932457017<\/p><p>\u00a0<\/p><p>&#8212;<\/p><p>\u00a0<\/p><ol><li>Introducere<\/li><\/ol><p>\u00a0<\/p><p>Bun venit la Seven Islands Cruises. Ace\u0219ti Termeni \u0219i Condi\u021bii guverneaz\u0103 utilizarea de c\u0103tre dumneavoastr\u0103 a site-ului nostru \u0219i achizi\u021bionarea oric\u0103ror servicii prin intermediul platformei noastre. Acces\u00e2nd sau utiliz\u00e2nd site-ul nostru, sunte\u021bi de acord s\u0103 fi\u021bi legat de ace\u0219ti Termeni \u0219i Condi\u021bii.<\/p><p>\u00a0<\/p><ol start=\"2\"><li>Defini\u021bii<\/li><\/ol><p>\u00a0<\/p><p>\u201cCompania\u201d se refer\u0103 la Seven Islands Cruises.<\/p><p>\u00a0<\/p><p>\u201cClientul\u201d, \u201cdumneavoastr\u0103\u201d sau \u201cdumneavoastr\u0103\u201d se refer\u0103 la orice utilizator al site-ului web care efectueaz\u0103 o rezervare.<\/p><p>\u00a0<\/p><p>\u201cServicii\u201d se refer\u0103 la croaziere, servicii de c\u0103l\u0103torie conexe \u0219i orice bunuri digitale asociate v\u00e2ndute pe site-ul nostru.<\/p><p>\u00a0<\/p><p>\u201cWebsite\u201d \u00eenseamn\u0103 <a href=\"https:\/\/lefkascruises.com\/ro\/\">www.lefkascruises.com<\/a>, <a href=\"http:\/\/www.zantecruises.gr\">www.zantecruises.gr<\/a>, <a href=\"http:\/\/www.lefkadapalace.com\">www.lefkadapalace.com<\/a>, <a href=\"http:\/\/www.makedoniapalaceboat.gr\">www.makedoniapalaceboat.gr<\/a>, alte site-uri web pot fi ad\u0103ugate oric\u00e2nd, v\u0103 rug\u0103m s\u0103 ne contacta\u021bi pentru mai multe informa\u021bii, dac\u0103 este necesar.<\/p><p>\u00a0<\/p><ol start=\"3\"><li>Eligibilitate<\/li><\/ol><p>\u00a0<\/p><p>Trebuie s\u0103 ai cel pu\u021bin 18 ani pentru a rezerva servicii prin intermediul site-ului nostru. Prin acceptarea acestor Termeni, declari c\u0103 \u00eendepline\u0219ti aceast\u0103 cerin\u021b\u0103.<\/p><p>\u00a0<\/p><ol start=\"4\"><li>Rezervare \u0219i Plat\u0103<\/li><\/ol><p>\u00a0<\/p><p>Toate pre\u021burile includ TVA aplicabil \u0219i sunt exprimate \u00een EUR (\u20ac).<\/p><p>Plata este scadent\u0103 la momentul rezerv\u0103rii, dac\u0103 nu se specific\u0103 altfel.<\/p><p>Accept\u0103m toate cardurile majore de credit\/debit \u0219i platformele de plat\u0103 online conforme cu standardele UE PSD2 (Directiva privind serviciile de plat\u0103 2).<\/p><p>\u00a0<\/p><ol start=\"5\"><li>Politic\u0103 de Anulare \u0219i Rambursare<\/li><\/ol><p>\u00a0<\/p><p>Pute\u021bi anula rezervarea \u00een conformitate cu Directiva UE privind drepturile consumatorilor (2011\/83\/UE):<\/p><p>\u00a0<\/p><p>Rambursare integral\u0103 dac\u0103 se anuleaz\u0103 \u00een 48 de ore de la rezervare (perioad\u0103 de r\u0103zg\u00e2ndire), cu excep\u021bia cazului \u00een care serviciul este programat \u00een acea perioad\u0103 \u0219i este efectuat integral.<\/p><p>\u00a0<\/p><p>Ramburs\u0103ri par\u021biale \u0219i taxe de anulare pot fi aplicate pentru anul\u0103ri \u00een afara ferestrei de 48 de ore.<\/p><p>\u00a0<\/p><p>Ramburs\u0103rile vor fi procesate \u00een termen de 14 zile de la confirmarea anul\u0103rii.<\/p><p>\u00a0<\/p><ol start=\"6\"><li>Drept de retragere<\/li><\/ol><p>\u00a0<\/p><p>Conform legisla\u021biei UE, ave\u021bi dreptul de a v\u0103 retrage dintr-un contract \u00een termen de 14 zile, f\u0103r\u0103 a oferi niciun motiv, cu excep\u021bia cazului \u00een care serviciul urmeaz\u0103 s\u0103 \u00eenceap\u0103 \u00een acea perioad\u0103 \u0219i este finalizat \u00eenainte de expirarea celor 14 zile.<\/p><p>\u00a0<\/p><ol start=\"7\"><li>R\u0103spundere \u0219i Limitare<\/li><\/ol><p>\u00a0<\/p><p>Seven Islands Cruises nu va fi r\u0103spunz\u0103toare pentru \u00eent\u00e2rzieri sau defec\u021biuni cauzate de for\u021ba major\u0103 sau de evenimente aflate \u00een afara controlului nostru rezonabil.<\/p><p>R\u0103spunderea noastr\u0103 total\u0103 pentru orice pierderi nu va dep\u0103\u0219i suma pl\u0103tit\u0103 pentru rezervarea \u00een cauz\u0103.<\/p><p>\u00a0<\/p><ol start=\"8\"><li>Asigurare de c\u0103l\u0103torie<\/li><\/ol><p>\u00a0<\/p><p>Recomand\u0103m cu t\u0103rie tuturor clien\u021bilor s\u0103 ob\u021bin\u0103 o asigurare de c\u0103l\u0103torie adecvat\u0103. Seven Islands Cruises nu este r\u0103spunz\u0103toare pentru v\u0103t\u0103m\u0103ri personale, pierderi sau daune, cu excep\u021bia cazului \u00een care acestea sunt cauzate de neglijen\u021ba noastr\u0103.<\/p><p>\u00a0<\/p><ol start=\"9\"><li>GDPR, Protec\u021bia Datelor \u0219i Marketing<\/li><\/ol><p>\u00a0<\/p><p>Respect\u0103m Regulamentul General privind Protec\u021bia Datelor (GDPR) (UE) 2016\/679.<\/p><p>Pentru mai multe informa\u021bii, consulta\u021bi Politica noastr\u0103 de confiden\u021bialitate.<\/p><p>\u00a0<\/p><p>Datele dumneavoastr\u0103 personale vor fi utilizate pentru a procesa rezervarea dumneavoastr\u0103, pentru a v\u0103 sus\u021bine experien\u021ba pe acest site \u0219i \u00een alte scopuri descrise \u00een politica noastr\u0103 de confiden\u021bialitate.<\/p><p>\u00a0<\/p><p>Periodic, putem face \u0219i fotografii \u00een timpul croazierelor. Acestea nu se limiteaz\u0103 doar la peisaje, ci v\u0103 pot include \u0219i pe dumneavoastr\u0103, pasagerii, care experimenta\u021bi evenimentul. Aceste fotografii \u0219i videoclipuri vor fi, periodic, utilizate pe platformele de socializare unde ne rezerv\u0103m dreptul de a le folosi \u00een scopuri publicitare. Dac\u0103, din orice motiv, nu dori\u021bi ca fotografii sau videoclipuri cu dumneavoastr\u0103 s\u0103 fie realizate, ave\u021bi dreptul de a refuza \u00een acel moment sau de a solicita eliminarea acestora. Este responsabilitatea dumneavoastr\u0103 s\u0103 informa\u021bi echipajul \u00een ziua respectiv\u0103 dac\u0103 dori\u021bi s\u0103 nu participa\u021bi la astfel de activit\u0103\u021bi promo\u021bionale.<\/p><p>\u00a0<\/p><ol start=\"10\"><li>Proprietate Intelectual\u0103<\/li><\/ol><p>\u00a0<\/p><p>Tot con\u021binutul de pe site, inclusiv imagini, text, logo-uri \u0219i alte materiale media, este proprietatea Seven Island Cruises \u0219i este protejat de legisla\u021bia UE privind drepturile de autor \u0219i m\u0103rcile \u00eenregistrate.<\/p><p>\u00a0<\/p><p>\u00a0<\/p><p>\u00a0<\/p><p>\u00a0<\/p><ol start=\"11\"><li>Rezolvarea litigiilor<\/li><\/ol><p>\u00a0<\/p><p>Dispute pe tema acestor Termeni vor fi guvernate de legile Greciei \u0219i vor fi supuse jurisdic\u021biei instan\u021belor din Grecia<\/p><p>\u00a0<\/p><p>De asemenea, pute\u021bi utiliza platforma UE de solu\u021bionare online a litigiilor (ODR):\u00a0<a href=\"https:\/\/ec.europa.eu\/consumers\/odr\">https:\/\/ec.europa.eu\/consumers\/odr<\/a><\/p><p>\u00a0<\/p><ol start=\"12\"><li>Amendamente<\/li><\/ol><p>\u00a0<\/p><p>Ne rezerv\u0103m dreptul de a modifica ace\u0219ti Termeni \u0219i Condi\u021bii \u00een orice moment. Modific\u0103rile vor fi publicate pe aceast\u0103 pagin\u0103 cu o dat\u0103 de intrare \u00een vigoare actualizat\u0103. Utilizarea continu\u0103 a site-ului implic\u0103 acceptarea termenilor revizui\u021bi. De asemenea, ne rezerv\u0103m dreptul de a modifica sau elimina orice oferte speciale \u00een orice moment.<\/p><p>\u00a0<\/p><ol start=\"13\"><li>Comportament<\/li><\/ol><p>\u00a0<\/p><p>Interzicem strict utilizarea de stupefiante oric\u00e2nd la bordul oric\u0103ruia dintre b\u0103rcile noastre. Oricine va fi g\u0103sit sub influen\u021ba sau utiliz\u00e2nd astfel de droguri la bord va fi evacuat din port \u0219i raportat poli\u021biei portuare la sosire.<\/p><p>\u00a0<\/p><ol start=\"14\"><li>Echipaj \u0219i pasageri<\/li><\/ol><p>\u00a0<\/p><p>Tratamentul tuturor membrilor echipajului \u0219i al pasagerilor trebuie s\u0103 fie respectuos \u00een orice circumstan\u021be \u0219i la orice moment. Oricine va fi v\u0103zut abuz\u00e2nd, fie fizic, fie mental la bord, fie va fi refuzat \u00eembarcarea, fie va fi evacuat pe parcursul zilei \u00een cel mai apropiat port. Acest lucru va duce la raportarea dumneavoastr\u0103 la Poli\u021bia Portuar\u0103. Este important s\u0103 re\u021bine\u021bi c\u0103 personalul navigant, pe parcursul zilei, este acolo pentru siguran\u021ba dumneavoastr\u0103.<\/p><p>\u00a0<\/p><ol start=\"15\"><li>\u00cenc\u0103lc\u0103ri<\/li><\/ol><p>\u00a0<\/p><p>\u00cen cazul \u00een care oricare dintre termenii din oricare dintre punctele de mai sus sunt \u00eenc\u0103lca\u021bi, acest lucru ar putea duce la refuzul transportului dumneavoastr\u0103 la bord sau la evacuare. Dac\u0103 acest lucru se \u00eent\u00e2mpl\u0103, nu ve\u021bi primi nicio rambursare sau op\u021biune de reprogramare, iar noi ne rezerv\u0103m dreptul de a refuza orice c\u0103l\u0103torie viitoare \u00een cadrul Seven Island Cruises.<\/p><p>\u00a0<\/p><p>\u00a0<\/p><ol start=\"16\"><li>Acord<\/li><\/ol><p>Prin rezervarea serviciilor noastre, fie pe orice platform\u0103, fie personal, fie online, sunte\u021bi de acord cu termenii \u0219i condi\u021biile stipulate mai sus. Nerespectarea termenilor \u0219i condi\u021biilor va duce la refuzarea oric\u0103rei rezerv\u0103ri.<\/p>\t\t\t\t\t\t\t\t<\/div>\n\t\t\t\t<\/div>\n\t\t\t\t\t<\/div>\n\t\t<\/div>\n\t\t\t\t\t<\/div>\n\t\t<\/section>\n\t\t\t\t<\/div>","protected":false},"excerpt":{"rendered":"<p>Termeni \u0219i Condi\u021bii Termeni \u0219i Condi\u021bii pentru Seven Island Cruises Data de Intrare \u00een Vigoare: 01.05.2025 Numele Comercial \u00cenregistrat: Seven Islands Cruises Adresa Sediului Social: Nydri, Lefkada, 31100 Num\u0103r de \u00cenregistrare al Companiei: [Introduce\u021bi dac\u0103 este cazul] CUI: 97235383 Email: lefkascruises@gmail.com Telefon: +30 6932457017 [\u2026]<\/p>","protected":false},"author":1,"featured_media":0,"parent":0,"menu_order":0,"comment_status":"closed","ping_status":"closed","template":"elementor_header_footer","meta":{"footnotes":""},"class_list":["post-9698","page","type-page","status-publish","hentry"],"yoast_head":"<!-- This site is optimized with the Yoast SEO plugin v26.5 - https:\/\/yoast.com\/wordpress\/plugins\/seo\/ -->\n<title>Terms &amp; Conditions - Lefkada Daily Cruises - Lefkada Cruises - Lefkas Cruises<\/title>\n<meta name=\"robots\" content=\"index, follow, max-snippet:-1, max-image-preview:large, max-video-preview:-1\" \/>\n<link rel=\"canonical\" href=\"https:\/\/lefkascruises.com\/ro\/termeni-si-conditii\/\" \/>\n<meta property=\"og:locale\" content=\"ro_RO\" \/>\n<meta property=\"og:type\" content=\"article\" \/>\n<meta property=\"og:title\" content=\"Terms &amp; Conditions - Lefkada Daily Cruises - Lefkada Cruises - Lefkas Cruises\" \/>\n<meta property=\"og:description\" content=\"Terms &#038; Conditions Terms and Conditions for Seven Island Cruises Effective Date: 01\/05\/2025 Registered Business Name: Seven Islands Cruises Registered Office Address: Nydri, Lefkada, 31100 Company Registration Number: [Insert if applicable] VAT Number: 97235383 Email: lefkascruises@gmail.com Phone: +30 6932457017 \u00a0 [&hellip;]\" \/>\n<meta property=\"og:url\" content=\"https:\/\/lefkascruises.com\/ro\/termeni-si-conditii\/\" \/>\n<meta property=\"og:site_name\" content=\"Lefkada Daily Cruises - Lefkada Cruises - Lefkas Cruises\" \/>\n<meta property=\"article:modified_time\" content=\"2025-08-01T07:49:33+00:00\" \/>\n<meta name=\"twitter:card\" content=\"summary_large_image\" \/>\n<meta name=\"twitter:label1\" content=\"Timp estimat pentru citire\" \/>\n\t<meta name=\"twitter:data1\" content=\"4 minute\" \/>\n<script type=\"application\/ld+json\" class=\"yoast-schema-graph\">{\"@context\":\"https:\/\/schema.org\",\"@graph\":[{\"@type\":\"WebPage\",\"@id\":\"https:\/\/lefkascruises.com\/terms-conditions\/\",\"url\":\"https:\/\/lefkascruises.com\/terms-conditions\/\",\"name\":\"Terms &amp; Conditions - Lefkada Daily Cruises - Lefkada Cruises - Lefkas Cruises\",\"isPartOf\":{\"@id\":\"https:\/\/lefkascruises.com\/#website\"},\"datePublished\":\"2025-08-01T07:47:19+00:00\",\"dateModified\":\"2025-08-01T07:49:33+00:00\",\"breadcrumb\":{\"@id\":\"https:\/\/lefkascruises.com\/terms-conditions\/#breadcrumb\"},\"inLanguage\":\"ro-RO\",\"potentialAction\":[{\"@type\":\"ReadAction\",\"target\":[\"https:\/\/lefkascruises.com\/terms-conditions\/\"]}]},{\"@type\":\"BreadcrumbList\",\"@id\":\"https:\/\/lefkascruises.com\/terms-conditions\/#breadcrumb\",\"itemListElement\":[{\"@type\":\"ListItem\",\"position\":1,\"name\":\"Home\",\"item\":\"https:\/\/lefkascruises.com\/\"},{\"@type\":\"ListItem\",\"position\":2,\"name\":\"Terms &amp; Conditions\"}]},{\"@type\":\"WebSite\",\"@id\":\"https:\/\/lefkascruises.com\/#website\",\"url\":\"https:\/\/lefkascruises.com\/\",\"name\":\"Lefkada Daily Cruises - Lefkada Cruises - Lefkas Cruises\",\"description\":\"Lefkada Daily Cruises -  Lefkada Cruises - Lefkas Cruises\",\"potentialAction\":[{\"@type\":\"SearchAction\",\"target\":{\"@type\":\"EntryPoint\",\"urlTemplate\":\"https:\/\/lefkascruises.com\/?s={search_term_string}\"},\"query-input\":{\"@type\":\"PropertyValueSpecification\",\"valueRequired\":true,\"valueName\":\"search_term_string\"}}],\"inLanguage\":\"ro-RO\"}]}<\/script>\n<!-- \/ Yoast SEO plugin. -->","yoast_head_json":{"title":"Termeni \u0219i Condi\u021bii - Croaziere Zilnice Lefkada - Croaziere Lefkada - Croaziere Lefkas","robots":{"index":"index","follow":"follow","max-snippet":"max-snippet:-1","max-image-preview":"max-image-preview:large","max-video-preview":"max-video-preview:-1"},"canonical":"https:\/\/lefkascruises.com\/ro\/termeni-si-conditii\/","og_locale":"ro_RO","og_type":"article","og_title":"Terms &amp; Conditions - Lefkada Daily Cruises - Lefkada Cruises - Lefkas Cruises","og_description":"Terms &#038; Conditions Terms and Conditions for Seven Island Cruises Effective Date: 01\/05\/2025 Registered Business Name: Seven Islands Cruises Registered Office Address: Nydri, Lefkada, 31100 Company Registration Number: [Insert if applicable] VAT Number: 97235383 Email: lefkascruises@gmail.com Phone: +30 6932457017 \u00a0 [&hellip;]","og_url":"https:\/\/lefkascruises.com\/ro\/termeni-si-conditii\/","og_site_name":"Lefkada Daily Cruises - Lefkada Cruises - Lefkas Cruises","article_modified_time":"2025-08-01T07:49:33+00:00","twitter_card":"summary_large_image","twitter_misc":{"Timp estimat pentru citire":"4 minute"},"schema":{"@context":"https:\/\/schema.org","@graph":[{"@type":"WebPage","@id":"https:\/\/lefkascruises.com\/terms-conditions\/","url":"https:\/\/lefkascruises.com\/terms-conditions\/","name":"Termeni \u0219i Condi\u021bii - Croaziere Zilnice Lefkada - Croaziere Lefkada - Croaziere Lefkas","isPartOf":{"@id":"https:\/\/lefkascruises.com\/#website"},"datePublished":"2025-08-01T07:47:19+00:00","dateModified":"2025-08-01T07:49:33+00:00","breadcrumb":{"@id":"https:\/\/lefkascruises.com\/terms-conditions\/#breadcrumb"},"inLanguage":"ro-RO","potentialAction":[{"@type":"ReadAction","target":["https:\/\/lefkascruises.com\/terms-conditions\/"]}]},{"@type":"BreadcrumbList","@id":"https:\/\/lefkascruises.com\/terms-conditions\/#breadcrumb","itemListElement":[{"@type":"ListItem","position":1,"name":"Home","item":"https:\/\/lefkascruises.com\/"},{"@type":"ListItem","position":2,"name":"Terms &amp; Conditions"}]},{"@type":"WebSite","@id":"https:\/\/lefkascruises.com\/#website","url":"https:\/\/lefkascruises.com\/","name":"Lefkada Croaziere zilnice - Lefkada Croaziere - Lefkas Croaziere","description":"Lefkada Croaziere zilnice - Lefkada Croaziere - Lefkas Croaziere","potentialAction":[{"@type":"SearchAction","target":{"@type":"EntryPoint","urlTemplate":"https:\/\/lefkascruises.com\/?s={search_term_string}"},"query-input":{"@type":"PropertyValueSpecification","valueRequired":true,"valueName":"search_term_string"}}],"inLanguage":"ro-RO"}]}},"_links":{"self":[{"href":"https:\/\/lefkascruises.com\/ro\/wp-json\/wp\/v2\/pages\/9698","targetHints":{"allow":["GET"]}}],"collection":[{"href":"https:\/\/lefkascruises.com\/ro\/wp-json\/wp\/v2\/pages"}],"about":[{"href":"https:\/\/lefkascruises.com\/ro\/wp-json\/wp\/v2\/types\/page"}],"author":[{"embeddable":true,"href":"https:\/\/lefkascruises.com\/ro\/wp-json\/wp\/v2\/users\/1"}],"replies":[{"embeddable":true,"href":"https:\/\/lefkascruises.com\/ro\/wp-json\/wp\/v2\/comments?post=9698"}],"version-history":[{"count":4,"href":"https:\/\/lefkascruises.com\/ro\/wp-json\/wp\/v2\/pages\/9698\/revisions"}],"predecessor-version":[{"id":9702,"href":"https:\/\/lefkascruises.com\/ro\/wp-json\/wp\/v2\/pages\/9698\/revisions\/9702"}],"wp:attachment":[{"href":"https:\/\/lefkascruises.com\/ro\/wp-json\/wp\/v2\/media?parent=9698"}],"curies":[{"name":"wp","href":"https:\/\/api.w.org\/{rel}","templated":true}]}}