{"id":1444,"date":"2025-03-26T10:59:30","date_gmt":"2025-03-26T10:59:30","guid":{"rendered":"http:\/\/new.lefkascruises.com\/?page_id=1444"},"modified":"2025-03-26T11:02:08","modified_gmt":"2025-03-26T11:02:08","slug":"kefalonia-ithaca","status":"publish","type":"page","link":"https:\/\/lefkascruises.com\/ro\/kefalonia-ithaca\/","title":{"rendered":"Kefalonia - Ithaca"},"content":{"rendered":"<div data-elementor-type=\"wp-page\" data-elementor-id=\"1444\" class=\"elementor elementor-1444\">\n\t\t\t\t\t\t<section class=\"elementor-section elementor-top-section elementor-element elementor-element-c08454a elementor-section-height-min-height elementor-section-boxed elementor-section-height-default elementor-section-items-middle\" data-id=\"c08454a\" data-element_type=\"section\" data-settings=\"{&quot;background_background&quot;:&quot;classic&quot;,&quot;hoteller_ext_is_background_parallax&quot;:&quot;true&quot;,&quot;hoteller_ext_is_background_parallax_speed&quot;:{&quot;unit&quot;:&quot;px&quot;,&quot;size&quot;:0.1,&quot;sizes&quot;:[]},&quot;hoteller_ext_is_background_backdrop&quot;:&quot;false&quot;,&quot;hoteller_ext_is_background_on_scroll&quot;:&quot;false&quot;}\">\n\t\t\t\t\t\t\t<div class=\"elementor-background-overlay\"><\/div>\n\t\t\t\t\t\t\t<div class=\"elementor-container elementor-column-gap-default\">\n\t\t\t\t\t<div class=\"elementor-column elementor-col-100 elementor-top-column elementor-element elementor-element-407240d\" data-id=\"407240d\" data-element_type=\"column\" data-settings=\"{&quot;hoteller_ext_link_sidemenu&quot;:&quot;false&quot;,&quot;hoteller_ext_link_fullmenu&quot;:&quot;false&quot;,&quot;hoteller_ext_link_closed_fullmenu&quot;:&quot;false&quot;,&quot;hoteller_ext_is_scrollme&quot;:&quot;false&quot;,&quot;hoteller_ext_is_smoove&quot;:&quot;false&quot;,&quot;hoteller_ext_is_parallax_mouse&quot;:&quot;false&quot;,&quot;hoteller_ext_is_infinite&quot;:&quot;false&quot;,&quot;hoteller_ext_is_fadeout_animation&quot;:&quot;false&quot;,&quot;hoteller_ext_mobile_static&quot;:&quot;false&quot;}\">\n\t\t\t<div class=\"elementor-widget-wrap elementor-element-populated\">\n\t\t\t\t\t\t<div class=\"elementor-element elementor-element-e10866c elementor-widget elementor-widget-heading\" data-id=\"e10866c\" data-element_type=\"widget\" data-settings=\"{&quot;hoteller_ext_link_sidemenu&quot;:&quot;false&quot;,&quot;hoteller_ext_link_fullmenu&quot;:&quot;false&quot;,&quot;hoteller_ext_link_closed_fullmenu&quot;:&quot;false&quot;,&quot;hoteller_ext_is_scrollme&quot;:&quot;false&quot;,&quot;hoteller_ext_is_smoove&quot;:&quot;false&quot;,&quot;hoteller_ext_is_parallax_mouse&quot;:&quot;false&quot;,&quot;hoteller_ext_is_infinite&quot;:&quot;false&quot;,&quot;hoteller_ext_is_fadeout_animation&quot;:&quot;false&quot;,&quot;hoteller_ext_mobile_static&quot;:&quot;false&quot;}\" data-widget_type=\"heading.default\">\n\t\t\t\t<div class=\"elementor-widget-container\">\n\t\t\t\t\t<h1 class=\"elementor-heading-title elementor-size-default\">Kefalonia - Ithaca<\/h1>\t\t\t\t<\/div>\n\t\t\t\t<\/div>\n\t\t\t\t\t<\/div>\n\t\t<\/div>\n\t\t\t\t\t<\/div>\n\t\t<\/section>\n\t\t\t\t<section class=\"elementor-section elementor-top-section elementor-element elementor-element-208b115 elementor-section-full_width elementor-section-height-default elementor-section-height-default\" data-id=\"208b115\" data-element_type=\"section\" data-settings=\"{&quot;hoteller_ext_is_background_parallax&quot;:&quot;false&quot;,&quot;hoteller_ext_is_background_backdrop&quot;:&quot;false&quot;,&quot;hoteller_ext_is_background_on_scroll&quot;:&quot;false&quot;}\">\n\t\t\t\t\t\t<div class=\"elementor-container elementor-column-gap-default\">\n\t\t\t\t\t<div class=\"elementor-column elementor-col-50 elementor-top-column elementor-element elementor-element-fb7ce21\" data-id=\"fb7ce21\" data-element_type=\"column\" data-settings=\"{&quot;hoteller_ext_link_sidemenu&quot;:&quot;false&quot;,&quot;hoteller_ext_link_fullmenu&quot;:&quot;false&quot;,&quot;hoteller_ext_link_closed_fullmenu&quot;:&quot;false&quot;,&quot;hoteller_ext_is_scrollme&quot;:&quot;false&quot;,&quot;hoteller_ext_is_smoove&quot;:&quot;false&quot;,&quot;hoteller_ext_is_parallax_mouse&quot;:&quot;false&quot;,&quot;hoteller_ext_is_infinite&quot;:&quot;false&quot;,&quot;hoteller_ext_is_fadeout_animation&quot;:&quot;false&quot;,&quot;hoteller_ext_mobile_static&quot;:&quot;false&quot;}\">\n\t\t\t<div class=\"elementor-widget-wrap elementor-element-populated\">\n\t\t\t\t\t\t<div class=\"elementor-element elementor-element-160de7b elementor-widget elementor-widget-text-editor\" data-id=\"160de7b\" data-element_type=\"widget\" data-settings=\"{&quot;hoteller_ext_link_sidemenu&quot;:&quot;false&quot;,&quot;hoteller_ext_link_fullmenu&quot;:&quot;false&quot;,&quot;hoteller_ext_link_closed_fullmenu&quot;:&quot;false&quot;,&quot;hoteller_ext_is_scrollme&quot;:&quot;false&quot;,&quot;hoteller_ext_is_smoove&quot;:&quot;false&quot;,&quot;hoteller_ext_is_parallax_mouse&quot;:&quot;false&quot;,&quot;hoteller_ext_is_infinite&quot;:&quot;false&quot;,&quot;hoteller_ext_is_fadeout_animation&quot;:&quot;false&quot;,&quot;hoteller_ext_mobile_static&quot;:&quot;false&quot;}\" data-widget_type=\"text-editor.default\">\n\t\t\t\t<div class=\"elementor-widget-container\">\n\t\t\t\t\t\t\t\t\t<h2><b>Kefalonia<\/b><\/h2><p>Kefalonia este cea mai mare dintre Insulele Ionice din vestul Greciei. Capitala Kefaloniei este Argostoli. O insul\u0103 magnific\u0103 renumit\u0103 \u00een \u00eentreaga lume pentru plajele sale minunate, satele tradi\u021bionale, geografia unic\u0103, minunile naturale \u0219i monumentele istorice bogate din epoca greac\u0103 antic\u0103, roman\u0103, vene\u021bian\u0103 \u0219i bizantin\u0103.<\/p><h3><strong>Fiskardo<\/strong><\/h3><p>Fiskardo este cel mai frumos \u0219i pitoresc port din Kefalonia.  Este cel mai nordic port din Kefalonia, la mic\u0103 distan\u021b\u0103 de Ithaca. Fiskardo are o flot\u0103 de pescuit mic\u0103 \u0219i \u00een sc\u0103dere. Coasta din jurul Fiskardo este \u00een principal st\u00e2ncoas\u0103, cu numeroase golfule\u021be acoperite cu pietri\u0219.\u00a0<\/p><h3><strong>Ithaca<\/strong><\/h3><p>Ithaca este o insul\u0103 greac\u0103 situat\u0103 \u00een Marea Ionic\u0103, \u00een largul coastei de nord-est a insulei Kefalonia \u0219i la vest de Grecia continental\u0103.<\/p><p>Itaca are o suprafa\u021b\u0103 de 120 de kilometri p\u0103tra\u021bi (46 de mile p\u0103trate) \u0219i pu\u021bin peste trei mii de locuitori. Este a doua cea mai mic\u0103 dintre cele \u0219apte insule ionice principale, dup\u0103 Paxi. Capitala, Vathy sau Ithaki, are unul dintre cele mai mari porturi naturale din lume.<\/p>\t\t\t\t\t\t\t\t<\/div>\n\t\t\t\t<\/div>\n\t\t\t\t\t<\/div>\n\t\t<\/div>\n\t\t\t\t<div class=\"elementor-column elementor-col-50 elementor-top-column elementor-element elementor-element-b28507a\" data-id=\"b28507a\" data-element_type=\"column\" data-settings=\"{&quot;background_background&quot;:&quot;classic&quot;,&quot;hoteller_ext_link_sidemenu&quot;:&quot;false&quot;,&quot;hoteller_ext_link_fullmenu&quot;:&quot;false&quot;,&quot;hoteller_ext_link_closed_fullmenu&quot;:&quot;false&quot;,&quot;hoteller_ext_is_scrollme&quot;:&quot;false&quot;,&quot;hoteller_ext_is_smoove&quot;:&quot;false&quot;,&quot;hoteller_ext_is_parallax_mouse&quot;:&quot;false&quot;,&quot;hoteller_ext_is_infinite&quot;:&quot;false&quot;,&quot;hoteller_ext_is_fadeout_animation&quot;:&quot;false&quot;,&quot;hoteller_ext_mobile_static&quot;:&quot;false&quot;}\">\n\t\t\t<div class=\"elementor-widget-wrap elementor-element-populated\">\n\t\t\t\t\t\t<div class=\"elementor-element elementor-element-ff7b849 elementor-widget elementor-widget-spacer\" data-id=\"ff7b849\" data-element_type=\"widget\" data-settings=\"{&quot;hoteller_ext_link_sidemenu&quot;:&quot;false&quot;,&quot;hoteller_ext_link_fullmenu&quot;:&quot;false&quot;,&quot;hoteller_ext_link_closed_fullmenu&quot;:&quot;false&quot;,&quot;hoteller_ext_is_scrollme&quot;:&quot;false&quot;,&quot;hoteller_ext_is_smoove&quot;:&quot;false&quot;,&quot;hoteller_ext_is_parallax_mouse&quot;:&quot;false&quot;,&quot;hoteller_ext_is_infinite&quot;:&quot;false&quot;,&quot;hoteller_ext_is_fadeout_animation&quot;:&quot;false&quot;,&quot;hoteller_ext_mobile_static&quot;:&quot;false&quot;}\" data-widget_type=\"spacer.default\">\n\t\t\t\t<div class=\"elementor-widget-container\">\n\t\t\t\t\t\t\t<div class=\"elementor-spacer\">\n\t\t\t<div class=\"elementor-spacer-inner\"><\/div>\n\t\t<\/div>\n\t\t\t\t\t\t<\/div>\n\t\t\t\t<\/div>\n\t\t\t\t\t<\/div>\n\t\t<\/div>\n\t\t\t\t\t<\/div>\n\t\t<\/section>\n\t\t\t\t<section class=\"elementor-section elementor-top-section elementor-element elementor-element-9051379 elementor-section-boxed elementor-section-height-default elementor-section-height-default\" data-id=\"9051379\" data-element_type=\"section\" data-settings=\"{&quot;hoteller_ext_is_background_parallax&quot;:&quot;false&quot;,&quot;hoteller_ext_is_background_backdrop&quot;:&quot;false&quot;,&quot;hoteller_ext_is_background_on_scroll&quot;:&quot;false&quot;}\">\n\t\t\t\t\t\t<div class=\"elementor-container elementor-column-gap-default\">\n\t\t\t\t\t<div class=\"elementor-column elementor-col-100 elementor-top-column elementor-element elementor-element-8392451\" data-id=\"8392451\" data-element_type=\"column\" data-settings=\"{&quot;hoteller_ext_link_sidemenu&quot;:&quot;false&quot;,&quot;hoteller_ext_link_fullmenu&quot;:&quot;false&quot;,&quot;hoteller_ext_link_closed_fullmenu&quot;:&quot;false&quot;,&quot;hoteller_ext_is_scrollme&quot;:&quot;false&quot;,&quot;hoteller_ext_is_smoove&quot;:&quot;false&quot;,&quot;hoteller_ext_is_parallax_mouse&quot;:&quot;false&quot;,&quot;hoteller_ext_is_infinite&quot;:&quot;false&quot;,&quot;hoteller_ext_is_fadeout_animation&quot;:&quot;false&quot;,&quot;hoteller_ext_mobile_static&quot;:&quot;false&quot;}\">\n\t\t\t<div class=\"elementor-widget-wrap elementor-element-populated\">\n\t\t\t\t\t\t<div class=\"elementor-element elementor-element-c9c3c7b elementor-widget-divider--view-line elementor-widget elementor-widget-divider\" data-id=\"c9c3c7b\" data-element_type=\"widget\" data-settings=\"{&quot;hoteller_ext_link_sidemenu&quot;:&quot;false&quot;,&quot;hoteller_ext_link_fullmenu&quot;:&quot;false&quot;,&quot;hoteller_ext_link_closed_fullmenu&quot;:&quot;false&quot;,&quot;hoteller_ext_is_scrollme&quot;:&quot;false&quot;,&quot;hoteller_ext_is_smoove&quot;:&quot;false&quot;,&quot;hoteller_ext_is_parallax_mouse&quot;:&quot;false&quot;,&quot;hoteller_ext_is_infinite&quot;:&quot;false&quot;,&quot;hoteller_ext_is_fadeout_animation&quot;:&quot;false&quot;,&quot;hoteller_ext_mobile_static&quot;:&quot;false&quot;}\" data-widget_type=\"divider.default\">\n\t\t\t\t<div class=\"elementor-widget-container\">\n\t\t\t\t\t\t\t<div class=\"elementor-divider\">\n\t\t\t<span class=\"elementor-divider-separator\">\n\t\t\t\t\t\t<\/span>\n\t\t<\/div>\n\t\t\t\t\t\t<\/div>\n\t\t\t\t<\/div>\n\t\t\t\t\t<\/div>\n\t\t<\/div>\n\t\t\t\t\t<\/div>\n\t\t<\/section>\n\t\t\t\t<section class=\"elementor-section elementor-top-section elementor-element elementor-element-728bdeb elementor-section-full_width elementor-section-height-default elementor-section-height-default\" data-id=\"728bdeb\" data-element_type=\"section\" data-settings=\"{&quot;hoteller_ext_is_background_parallax&quot;:&quot;false&quot;,&quot;hoteller_ext_is_background_backdrop&quot;:&quot;false&quot;,&quot;hoteller_ext_is_background_on_scroll&quot;:&quot;false&quot;}\">\n\t\t\t\t\t\t<div class=\"elementor-container elementor-column-gap-default\">\n\t\t\t\t\t<div class=\"elementor-column elementor-col-100 elementor-top-column elementor-element elementor-element-0a205ad\" data-id=\"0a205ad\" data-element_type=\"column\" data-settings=\"{&quot;hoteller_ext_link_sidemenu&quot;:&quot;false&quot;,&quot;hoteller_ext_link_fullmenu&quot;:&quot;false&quot;,&quot;hoteller_ext_link_closed_fullmenu&quot;:&quot;false&quot;,&quot;hoteller_ext_is_scrollme&quot;:&quot;false&quot;,&quot;hoteller_ext_is_smoove&quot;:&quot;false&quot;,&quot;hoteller_ext_is_parallax_mouse&quot;:&quot;false&quot;,&quot;hoteller_ext_is_infinite&quot;:&quot;false&quot;,&quot;hoteller_ext_is_fadeout_animation&quot;:&quot;false&quot;,&quot;hoteller_ext_mobile_static&quot;:&quot;false&quot;}\">\n\t\t\t<div class=\"elementor-widget-wrap elementor-element-populated\">\n\t\t\t\t\t\t<div class=\"elementor-element elementor-element-c15c08f elementor-widget elementor-widget-hoteller-gallery-horizontal\" data-id=\"c15c08f\" data-element_type=\"widget\" data-settings=\"{&quot;hoteller_ext_link_sidemenu&quot;:&quot;false&quot;,&quot;hoteller_ext_link_fullmenu&quot;:&quot;false&quot;,&quot;hoteller_ext_link_closed_fullmenu&quot;:&quot;false&quot;,&quot;hoteller_ext_is_scrollme&quot;:&quot;false&quot;,&quot;hoteller_ext_is_smoove&quot;:&quot;false&quot;,&quot;hoteller_ext_is_parallax_mouse&quot;:&quot;false&quot;,&quot;hoteller_ext_is_infinite&quot;:&quot;false&quot;,&quot;hoteller_ext_is_fadeout_animation&quot;:&quot;false&quot;,&quot;hoteller_ext_mobile_static&quot;:&quot;false&quot;}\" data-widget_type=\"hoteller-gallery-horizontal.default\">\n\t\t\t\t<div class=\"elementor-widget-container\">\n\t\t\t\t\t<div class=\"tg_horizontal_gallery_wrapper\" data-autoplay=\"0\" data-loop=\"0\" data-navigation=\"1\" data-pagination=\"0\" data-parallax=\"0\" data-fullscreen=\"0\">\n\t\t<div class=\"tg_horizontal_gallery_cell\" style=\"margin-right:40px\">\n\t\t\t\t\t\t<img class=\"tg_horizontal_gallery_cell_img\" data-flickity-lazyload=\"https:\/\/lefkascruises.com\/wp-content\/uploads\/2025\/03\/fiskardo2a1.jpg\" alt=\"\" style=\"height:385px;\" \/>\n\t\t\t\t\t<\/div>\n\t\t<div class=\"tg_horizontal_gallery_cell\" style=\"margin-right:40px\">\n\t\t\t\t\t\t<img class=\"tg_horizontal_gallery_cell_img\" data-flickity-lazyload=\"https:\/\/lefkascruises.com\/wp-content\/uploads\/2025\/03\/577__DSC7910.jpg\" alt=\"\" style=\"height:385px;\" \/>\n\t\t\t\t\t<\/div>\n\t\t<div class=\"tg_horizontal_gallery_cell\" style=\"margin-right:40px\">\n\t\t\t\t\t\t<img class=\"tg_horizontal_gallery_cell_img\" data-flickity-lazyload=\"https:\/\/lefkascruises.com\/wp-content\/uploads\/2025\/03\/800px-Ithaki-Vathy.jpg\" alt=\"\" style=\"height:385px;\" \/>\n\t\t\t\t\t<\/div>\n\t\t<div class=\"tg_horizontal_gallery_cell\" style=\"margin-right:40px\">\n\t\t\t\t\t\t<img class=\"tg_horizontal_gallery_cell_img\" data-flickity-lazyload=\"https:\/\/lefkascruises.com\/wp-content\/uploads\/2025\/03\/1235__DSC7915.jpg\" alt=\"\" style=\"height:385px;\" \/>\n\t\t\t\t\t<\/div>\n<\/div>\n\t\t\t\t<\/div>\n\t\t\t\t<\/div>\n\t\t\t\t\t<\/div>\n\t\t<\/div>\n\t\t\t\t\t<\/div>\n\t\t<\/section>\n\t\t\t\t<\/div>","protected":false},"excerpt":{"rendered":"<p>Kefalonia - Ithaca Kefalonia Kefalonia este cea mai mare dintre Insulele Ionice din vestul Greciei. Capitala Kefaloniei este Argostoli. O insul\u0103 magnific\u0103 renumit\u0103 \u00een \u00eentreaga lume pentru plajele sale minunate, satele tradi\u021bionale, geografia unic\u0103, minunile naturale \u0219i monumentele istorice bogate din [...]<\/p>","protected":false},"author":1,"featured_media":0,"parent":0,"menu_order":0,"comment_status":"closed","ping_status":"closed","template":"elementor_header_footer","meta":{"footnotes":""},"class_list":["post-1444","page","type-page","status-publish","hentry"],"yoast_head":"<!-- This site is optimized with the Yoast SEO plugin v26.5 - https:\/\/yoast.com\/wordpress\/plugins\/seo\/ -->\n<title>Kefalonia \u2013 Ithaca - Lefkada Daily Cruises - Lefkada Cruises - Lefkas Cruises<\/title>\n<meta name=\"robots\" content=\"index, follow, max-snippet:-1, max-image-preview:large, max-video-preview:-1\" \/>\n<link rel=\"canonical\" href=\"https:\/\/lefkascruises.com\/ro\/kefalonia-ithaca\/\" \/>\n<meta property=\"og:locale\" content=\"ro_RO\" \/>\n<meta property=\"og:type\" content=\"article\" \/>\n<meta property=\"og:title\" content=\"Kefalonia \u2013 Ithaca - Lefkada Daily Cruises - Lefkada Cruises - Lefkas Cruises\" \/>\n<meta property=\"og:description\" content=\"Kefalonia \u2013 Ithaca Kefalonia Kefalonia is the largest of the Ionian Islands in western Greece. The capital of\u00a0Kefalonia is Argostoli.\u00a0A magnificent island famous worldwide for its wonderful beaches, traditional villages, unique geography, natural wonders and rich historical monuments from the [&hellip;]\" \/>\n<meta property=\"og:url\" content=\"https:\/\/lefkascruises.com\/ro\/kefalonia-ithaca\/\" \/>\n<meta property=\"og:site_name\" content=\"Lefkada Daily Cruises - Lefkada Cruises - Lefkas Cruises\" \/>\n<meta property=\"article:modified_time\" content=\"2025-03-26T11:02:08+00:00\" \/>\n<meta name=\"twitter:card\" content=\"summary_large_image\" \/>\n<meta name=\"twitter:label1\" content=\"Timp estimat pentru citire\" \/>\n\t<meta name=\"twitter:data1\" content=\"2 minute\" \/>\n<script type=\"application\/ld+json\" class=\"yoast-schema-graph\">{\"@context\":\"https:\/\/schema.org\",\"@graph\":[{\"@type\":\"WebPage\",\"@id\":\"https:\/\/lefkascruises.com\/kefalonia-ithaca\/\",\"url\":\"https:\/\/lefkascruises.com\/kefalonia-ithaca\/\",\"name\":\"Kefalonia \u2013 Ithaca - Lefkada Daily Cruises - Lefkada Cruises - Lefkas Cruises\",\"isPartOf\":{\"@id\":\"https:\/\/lefkascruises.com\/#website\"},\"datePublished\":\"2025-03-26T10:59:30+00:00\",\"dateModified\":\"2025-03-26T11:02:08+00:00\",\"breadcrumb\":{\"@id\":\"https:\/\/lefkascruises.com\/kefalonia-ithaca\/#breadcrumb\"},\"inLanguage\":\"ro-RO\",\"potentialAction\":[{\"@type\":\"ReadAction\",\"target\":[\"https:\/\/lefkascruises.com\/kefalonia-ithaca\/\"]}]},{\"@type\":\"BreadcrumbList\",\"@id\":\"https:\/\/lefkascruises.com\/kefalonia-ithaca\/#breadcrumb\",\"itemListElement\":[{\"@type\":\"ListItem\",\"position\":1,\"name\":\"Home\",\"item\":\"https:\/\/lefkascruises.com\/\"},{\"@type\":\"ListItem\",\"position\":2,\"name\":\"Kefalonia \u2013 Ithaca\"}]},{\"@type\":\"WebSite\",\"@id\":\"https:\/\/lefkascruises.com\/#website\",\"url\":\"https:\/\/lefkascruises.com\/\",\"name\":\"Lefkada Daily Cruises - Lefkada Cruises - Lefkas Cruises\",\"description\":\"Lefkada Daily Cruises -  Lefkada Cruises - Lefkas Cruises\",\"potentialAction\":[{\"@type\":\"SearchAction\",\"target\":{\"@type\":\"EntryPoint\",\"urlTemplate\":\"https:\/\/lefkascruises.com\/?s={search_term_string}\"},\"query-input\":{\"@type\":\"PropertyValueSpecification\",\"valueRequired\":true,\"valueName\":\"search_term_string\"}}],\"inLanguage\":\"ro-RO\"}]}<\/script>\n<!-- \/ Yoast SEO plugin. -->","yoast_head_json":{"title":"Kefalonia - Ithaca - Lefkada Croaziere zilnice - Lefkada Croaziere - Lefkas Croaziere","robots":{"index":"index","follow":"follow","max-snippet":"max-snippet:-1","max-image-preview":"max-image-preview:large","max-video-preview":"max-video-preview:-1"},"canonical":"https:\/\/lefkascruises.com\/ro\/kefalonia-ithaca\/","og_locale":"ro_RO","og_type":"article","og_title":"Kefalonia \u2013 Ithaca - Lefkada Daily Cruises - Lefkada Cruises - Lefkas Cruises","og_description":"Kefalonia \u2013 Ithaca Kefalonia Kefalonia is the largest of the Ionian Islands in western Greece. The capital of\u00a0Kefalonia is Argostoli.\u00a0A magnificent island famous worldwide for its wonderful beaches, traditional villages, unique geography, natural wonders and rich historical monuments from the [&hellip;]","og_url":"https:\/\/lefkascruises.com\/ro\/kefalonia-ithaca\/","og_site_name":"Lefkada Daily Cruises - Lefkada Cruises - Lefkas Cruises","article_modified_time":"2025-03-26T11:02:08+00:00","twitter_card":"summary_large_image","twitter_misc":{"Timp estimat pentru citire":"2 minute"},"schema":{"@context":"https:\/\/schema.org","@graph":[{"@type":"WebPage","@id":"https:\/\/lefkascruises.com\/kefalonia-ithaca\/","url":"https:\/\/lefkascruises.com\/kefalonia-ithaca\/","name":"Kefalonia - Ithaca - Lefkada Croaziere zilnice - Lefkada Croaziere - Lefkas Croaziere","isPartOf":{"@id":"https:\/\/lefkascruises.com\/#website"},"datePublished":"2025-03-26T10:59:30+00:00","dateModified":"2025-03-26T11:02:08+00:00","breadcrumb":{"@id":"https:\/\/lefkascruises.com\/kefalonia-ithaca\/#breadcrumb"},"inLanguage":"ro-RO","potentialAction":[{"@type":"ReadAction","target":["https:\/\/lefkascruises.com\/kefalonia-ithaca\/"]}]},{"@type":"BreadcrumbList","@id":"https:\/\/lefkascruises.com\/kefalonia-ithaca\/#breadcrumb","itemListElement":[{"@type":"ListItem","position":1,"name":"Home","item":"https:\/\/lefkascruises.com\/"},{"@type":"ListItem","position":2,"name":"Kefalonia \u2013 Ithaca"}]},{"@type":"WebSite","@id":"https:\/\/lefkascruises.com\/#website","url":"https:\/\/lefkascruises.com\/","name":"Lefkada Croaziere zilnice - Lefkada Croaziere - Lefkas Croaziere","description":"Lefkada Croaziere zilnice - Lefkada Croaziere - Lefkas Croaziere","potentialAction":[{"@type":"SearchAction","target":{"@type":"EntryPoint","urlTemplate":"https:\/\/lefkascruises.com\/?s={search_term_string}"},"query-input":{"@type":"PropertyValueSpecification","valueRequired":true,"valueName":"search_term_string"}}],"inLanguage":"ro-RO"}]}},"_links":{"self":[{"href":"https:\/\/lefkascruises.com\/ro\/wp-json\/wp\/v2\/pages\/1444","targetHints":{"allow":["GET"]}}],"collection":[{"href":"https:\/\/lefkascruises.com\/ro\/wp-json\/wp\/v2\/pages"}],"about":[{"href":"https:\/\/lefkascruises.com\/ro\/wp-json\/wp\/v2\/types\/page"}],"author":[{"embeddable":true,"href":"https:\/\/lefkascruises.com\/ro\/wp-json\/wp\/v2\/users\/1"}],"replies":[{"embeddable":true,"href":"https:\/\/lefkascruises.com\/ro\/wp-json\/wp\/v2\/comments?post=1444"}],"version-history":[{"count":4,"href":"https:\/\/lefkascruises.com\/ro\/wp-json\/wp\/v2\/pages\/1444\/revisions"}],"predecessor-version":[{"id":1449,"href":"https:\/\/lefkascruises.com\/ro\/wp-json\/wp\/v2\/pages\/1444\/revisions\/1449"}],"wp:attachment":[{"href":"https:\/\/lefkascruises.com\/ro\/wp-json\/wp\/v2\/media?parent=1444"}],"curies":[{"name":"wp","href":"https:\/\/api.w.org\/{rel}","templated":true}]}}