{"id":9698,"date":"2025-08-01T07:47:19","date_gmt":"2025-08-01T07:47:19","guid":{"rendered":"https:\/\/lefkascruises.com\/?page_id=9698"},"modified":"2025-08-01T07:49:33","modified_gmt":"2025-08-01T07:49:33","slug":"termini-condizioni","status":"publish","type":"page","link":"https:\/\/lefkascruises.com\/it\/termini-condizioni\/","title":{"rendered":"Termini e condizioni"},"content":{"rendered":"<div data-elementor-type=\"wp-page\" data-elementor-id=\"9698\" class=\"elementor elementor-9698\">\n\t\t\t\t\t\t<section class=\"elementor-section elementor-top-section elementor-element elementor-element-c08454a elementor-section-height-min-height elementor-section-boxed elementor-section-height-default elementor-section-items-middle\" data-id=\"c08454a\" data-element_type=\"section\" data-settings=\"{&quot;background_background&quot;:&quot;classic&quot;,&quot;hoteller_ext_is_background_parallax&quot;:&quot;true&quot;,&quot;hoteller_ext_is_background_parallax_speed&quot;:{&quot;unit&quot;:&quot;px&quot;,&quot;size&quot;:0.1,&quot;sizes&quot;:[]},&quot;hoteller_ext_is_background_backdrop&quot;:&quot;false&quot;,&quot;hoteller_ext_is_background_on_scroll&quot;:&quot;false&quot;}\">\n\t\t\t\t\t\t\t<div class=\"elementor-background-overlay\"><\/div>\n\t\t\t\t\t\t\t<div class=\"elementor-container elementor-column-gap-default\">\n\t\t\t\t\t<div class=\"elementor-column elementor-col-100 elementor-top-column elementor-element elementor-element-407240d\" data-id=\"407240d\" data-element_type=\"column\" data-settings=\"{&quot;hoteller_ext_link_sidemenu&quot;:&quot;false&quot;,&quot;hoteller_ext_link_fullmenu&quot;:&quot;false&quot;,&quot;hoteller_ext_link_closed_fullmenu&quot;:&quot;false&quot;,&quot;hoteller_ext_is_scrollme&quot;:&quot;false&quot;,&quot;hoteller_ext_is_smoove&quot;:&quot;false&quot;,&quot;hoteller_ext_is_parallax_mouse&quot;:&quot;false&quot;,&quot;hoteller_ext_is_infinite&quot;:&quot;false&quot;,&quot;hoteller_ext_is_fadeout_animation&quot;:&quot;false&quot;,&quot;hoteller_ext_mobile_static&quot;:&quot;false&quot;}\">\n\t\t\t<div class=\"elementor-widget-wrap elementor-element-populated\">\n\t\t\t\t\t\t<div class=\"elementor-element elementor-element-e10866c elementor-widget elementor-widget-heading\" data-id=\"e10866c\" data-element_type=\"widget\" data-settings=\"{&quot;hoteller_ext_link_sidemenu&quot;:&quot;false&quot;,&quot;hoteller_ext_link_fullmenu&quot;:&quot;false&quot;,&quot;hoteller_ext_link_closed_fullmenu&quot;:&quot;false&quot;,&quot;hoteller_ext_is_scrollme&quot;:&quot;false&quot;,&quot;hoteller_ext_is_smoove&quot;:&quot;false&quot;,&quot;hoteller_ext_is_parallax_mouse&quot;:&quot;false&quot;,&quot;hoteller_ext_is_infinite&quot;:&quot;false&quot;,&quot;hoteller_ext_is_fadeout_animation&quot;:&quot;false&quot;,&quot;hoteller_ext_mobile_static&quot;:&quot;false&quot;}\" data-widget_type=\"heading.default\">\n\t\t\t\t<div class=\"elementor-widget-container\">\n\t\t\t\t\t<h1 class=\"elementor-heading-title elementor-size-default\">Termini e condizioni<\/h1>\t\t\t\t<\/div>\n\t\t\t\t<\/div>\n\t\t\t\t\t<\/div>\n\t\t<\/div>\n\t\t\t\t\t<\/div>\n\t\t<\/section>\n\t\t\t\t<section class=\"elementor-section elementor-top-section elementor-element elementor-element-208b115 elementor-section-full_width elementor-section-height-default elementor-section-height-default\" data-id=\"208b115\" data-element_type=\"section\" data-settings=\"{&quot;hoteller_ext_is_background_parallax&quot;:&quot;false&quot;,&quot;hoteller_ext_is_background_backdrop&quot;:&quot;false&quot;,&quot;hoteller_ext_is_background_on_scroll&quot;:&quot;false&quot;}\">\n\t\t\t\t\t\t<div class=\"elementor-container elementor-column-gap-default\">\n\t\t\t\t\t<div class=\"elementor-column elementor-col-100 elementor-top-column elementor-element elementor-element-fb7ce21\" data-id=\"fb7ce21\" data-element_type=\"column\" data-settings=\"{&quot;hoteller_ext_link_sidemenu&quot;:&quot;false&quot;,&quot;hoteller_ext_link_fullmenu&quot;:&quot;false&quot;,&quot;hoteller_ext_link_closed_fullmenu&quot;:&quot;false&quot;,&quot;hoteller_ext_is_scrollme&quot;:&quot;false&quot;,&quot;hoteller_ext_is_smoove&quot;:&quot;false&quot;,&quot;hoteller_ext_is_parallax_mouse&quot;:&quot;false&quot;,&quot;hoteller_ext_is_infinite&quot;:&quot;false&quot;,&quot;hoteller_ext_is_fadeout_animation&quot;:&quot;false&quot;,&quot;hoteller_ext_mobile_static&quot;:&quot;false&quot;}\">\n\t\t\t<div class=\"elementor-widget-wrap elementor-element-populated\">\n\t\t\t\t\t\t<div class=\"elementor-element elementor-element-ca99167 elementor-widget elementor-widget-text-editor\" data-id=\"ca99167\" data-element_type=\"widget\" data-settings=\"{&quot;hoteller_ext_link_sidemenu&quot;:&quot;false&quot;,&quot;hoteller_ext_link_fullmenu&quot;:&quot;false&quot;,&quot;hoteller_ext_link_closed_fullmenu&quot;:&quot;false&quot;,&quot;hoteller_ext_is_scrollme&quot;:&quot;false&quot;,&quot;hoteller_ext_is_smoove&quot;:&quot;false&quot;,&quot;hoteller_ext_is_parallax_mouse&quot;:&quot;false&quot;,&quot;hoteller_ext_is_infinite&quot;:&quot;false&quot;,&quot;hoteller_ext_is_fadeout_animation&quot;:&quot;false&quot;,&quot;hoteller_ext_mobile_static&quot;:&quot;false&quot;}\" data-widget_type=\"text-editor.default\">\n\t\t\t\t<div class=\"elementor-widget-container\">\n\t\t\t\t\t\t\t\t\t<p>Termini e Condizioni di Seven Island Cruises<\/p><p>Data di entrata in vigore: 01\/05\/2025<\/p><p>Ragione Sociale: Seven Islands Cruises<\/p><p>Sede Legale: Nydri, Lefkada, 31100<\/p><p>Numero di Registrazione Aziendale: [Inserire se applicabile]<\/p><p>Partita IVA: 97235383<\/p><p>Email: lefkascruises@gmail.com<\/p><p>Telefono: +30 6932457017<\/p><p>\u00a0<\/p><p>&#8212;<\/p><p>\u00a0<\/p><ol><li>Introduzione<\/li><\/ol><p>\u00a0<\/p><p>Benvenuti in Seven Islands Cruises. I presenti Termini e Condizioni disciplinano l'utilizzo del nostro sito web e l'acquisto di qualsiasi servizio tramite la nostra piattaforma. Accedendo o utilizzando il nostro sito, l'utente accetta di essere vincolato dai presenti Termini e Condizioni.<\/p><p>\u00a0<\/p><ol start=\"2\"><li>Definizioni<\/li><\/ol><p>\u00a0<\/p><p>\u201cSociet\u00e0\u201d si riferisce a Seven Islands Cruises.<\/p><p>\u00a0<\/p><p>\u201cCliente\u201d, \u201ctu\u201d o \u201ctuo\u201d si riferiscono a qualsiasi utente del sito web che effettua una prenotazione.<\/p><p>\u00a0<\/p><p>\u201cServizi\u201d si riferisce a crociere, servizi di viaggio correlati e qualsiasi bene digitale associato venduto sul nostro sito.<\/p><p>\u00a0<\/p><p>\u201cSito web\u201d significa <a href=\"https:\/\/lefkascruises.com\/it\/\">www.lefkascruises.com<\/a>, <a href=\"http:\/\/www.zantecruises.gr\">www.zantecruises.gr<\/a>, <a href=\"http:\/\/www.lefkadapalace.com\">www.lefkadapalace.com<\/a>, <a href=\"http:\/\/www.makedoniapalaceboat.gr\">www.makedoniapalaceboat.gr<\/a>, altri siti web potrebbero essere aggiunti in qualsiasi momento, vi preghiamo di contattarci per maggiori informazioni, se necessario.<\/p><p>\u00a0<\/p><ol start=\"3\"><li>Idoneit\u00e0<\/li><\/ol><p>\u00a0<\/p><p>Devi avere almeno 18 anni per prenotare servizi tramite il nostro sito web. Accettando questi Termini, dichiari di soddisfare questo requisito.<\/p><p>\u00a0<\/p><ol start=\"4\"><li>Prenotazione e Pagamento<\/li><\/ol><p>\u00a0<\/p><p>Tutti i prezzi sono comprensivi di IVA applicabile e sono espressi in EUR (\u20ac).<\/p><p>Il pagamento \u00e8 dovuto al momento della prenotazione, salvo diversa indicazione.<\/p><p>Accettiamo tutte le principali carte di credito\/debito e piattaforme di pagamento online conformi agli standard PSD2 (Direttiva sui servizi di pagamento 2) dell'UE.<\/p><p>\u00a0<\/p><ol start=\"5\"><li>Politica di cancellazione e rimborso<\/li><\/ol><p>\u00a0<\/p><p>Puoi cancellare la tua prenotazione in conformit\u00e0 con la Direttiva UE sui diritti dei consumatori (2011\/83\/UE):<\/p><p>\u00a0<\/p><p>Rimborso completo se cancellato entro 48 ore dalla prenotazione (periodo di ripensamento), salvo che il servizio sia programmato entro tale periodo e sia completamente eseguito.<\/p><p>\u00a0<\/p><p>Rimborso parziale e penali di cancellazione potrebbero essere applicati per cancellazioni effettuate al di fuori della finestra di 48 ore.<\/p><p>\u00a0<\/p><p>I rimborsi verranno elaborati entro 14 giorni dalla conferma della cancellazione.<\/p><p>\u00a0<\/p><ol start=\"6\"><li>Diritto di Recesso<\/li><\/ol><p>\u00a0<\/p><p>Secondo la legge UE, hai il diritto di recedere da un contratto entro 14 giorni senza fornire alcuna motivazione, a meno che il servizio non sia programmato per iniziare durante quel periodo e sia completato prima della scadenza dei 14 giorni.<\/p><p>\u00a0<\/p><ol start=\"7\"><li>Responsabilit\u00e0 e limitazione<\/li><\/ol><p>\u00a0<\/p><p>Seven Islands Cruises non sar\u00e0 responsabile per ritardi o inadempienze causati da forza maggiore o da eventi al di fuori del nostro ragionevole controllo.<\/p><p>La nostra responsabilit\u00e0 totale nei tuoi confronti per eventuali perdite non superer\u00e0 l'importo pagato per la prenotazione in questione.<\/p><p>\u00a0<\/p><ol start=\"8\"><li>Assicurazione di viaggio<\/li><\/ol><p>\u00a0<\/p><p>Consigliamo vivamente a tutti i clienti di stipulare un'adeguata assicurazione di viaggio. Seven Islands Cruises non \u00e8 responsabile per infortuni personali, perdite o danni, a meno che non siano causati da nostra negligenza.<\/p><p>\u00a0<\/p><ol start=\"9\"><li>GDPR, Protezione dei dati e Marketing<\/li><\/ol><p>\u00a0<\/p><p>Rispettiamo il Regolamento generale sulla protezione dei dati (GDPR) (UE) 2016\/679.<\/p><p>Per maggiori informazioni, consulta la nostra Informativa sulla privacy.<\/p><p>\u00a0<\/p><p>I tuoi dati personali verranno utilizzati per elaborare la tua prenotazione, supportare la tua esperienza sul sito web e per altri scopi descritti nella nostra informativa sulla privacy.<\/p><p>\u00a0<\/p><p>Di tanto in tanto potremmo scattare fotografie durante le crociere. Questo non si limiter\u00e0 solo al paesaggio, ma potr\u00e0 includere anche voi come passeggeri che vivete l'evento. Queste foto e video verranno occasionalmente utilizzati sulle piattaforme dei social media, dove ci riserviamo il diritto di utilizzarli a fini pubblicitari. Se per qualsiasi motivo non desiderate che vengano scattate foto o video di voi stessi, avete il diritto di rifiutare al momento o di chiedere la loro rimozione. \u00c8 vostra responsabilit\u00e0 informare l'equipaggio il giorno stesso in cui desiderate non partecipare a tale attivit\u00e0 promozionale.<\/p><p>\u00a0<\/p><ol start=\"10\"><li>Propriet\u00e0 intellettuale<\/li><\/ol><p>\u00a0<\/p><p>Tutti i contenuti del sito web, incluse immagini, testi, loghi e media, sono di propriet\u00e0 di Seven Island Cruises e sono protetti dalla legge europea sul copyright e sui marchi.<\/p><p>\u00a0<\/p><p>\u00a0<\/p><p>\u00a0<\/p><p>\u00a0<\/p><ol start=\"11\"><li>Risoluzione delle controversie<\/li><\/ol><p>\u00a0<\/p><p>Le controversie derivanti da questi Termini saranno regolate dalle leggi della Grecia e soggette alla giurisdizione dei tribunali della Grecia<\/p><p>\u00a0<\/p><p>Puoi anche utilizzare la piattaforma di Risoluzione delle controversie online (ODR) dell'UE:\u00a0<a href=\"https:\/\/ec.europa.eu\/consumers\/odr\">https:\/\/ec.europa.eu\/consumers\/odr<\/a><\/p><p>\u00a0<\/p><ol start=\"12\"><li>Emendamenti<\/li><\/ol><p>\u00a0<\/p><p>Ci riserviamo il diritto di modificare i presenti Termini e Condizioni in qualsiasi momento. Le modifiche verranno pubblicate su questa pagina con una data di entrata in vigore aggiornata. L'uso continuato del sito implica l'accettazione dei termini rivisti. Ci riserviamo inoltre il diritto di modificare o rimuovere qualsiasi offerta speciale in qualsiasi momento.<\/p><p>\u00a0<\/p><ol start=\"13\"><li>Comportamento<\/li><\/ol><p>\u00a0<\/p><p>Vietiamo severamente l'uso di narcotici in qualsiasi momento a bordo di una delle nostre imbarcazioni. Chiunque venga trovato sotto l'effetto o in uso di tali droghe a bordo verr\u00e0 rimosso dal porto e segnalato alla polizia portuale all'arrivo.<\/p><p>\u00a0<\/p><ol start=\"14\"><li>Equipaggio e Passeggeri<\/li><\/ol><p>\u00a0<\/p><p>Il trattamento di tutti i membri dell'equipaggio e dei passeggeri deve essere rispettoso in tutte le circostanze e in ogni momento. Chiunque venga visto abusare, sia fisicamente che mentalmente, a bordo, sar\u00e0 rifiutato all'imbarco o allontanato durante la giornata nel porto pi\u00f9 vicino. Ci\u00f2 comporter\u00e0 la segnalazione alla Polizia Portuale. \u00c8 importante ricordare che l'equipaggio \u00e8 a disposizione per la vostra sicurezza durante la giornata.<\/p><p>\u00a0<\/p><ol start=\"15\"><li>Violazioni<\/li><\/ol><p>\u00a0<\/p><p>Se uno qualsiasi dei termini all'interno di uno dei punti sopra elencati viene violato, potremmo negarti l'imbarco o rimuoverti. Se ci\u00f2 accadesse, non riceverai alcun rimborso n\u00e9 la possibilit\u00e0 di riprenotare e ci riserviamo il diritto di rifiutare qualsiasi futuro viaggio con Seven Island Cruises.<\/p><p>\u00a0<\/p><p>\u00a0<\/p><ol start=\"16\"><li>Accordo<\/li><\/ol><p>Prenotando i nostri servizi, sia tramite piattaforma, di persona o online, accetti i termini e le condizioni stabiliti sopra. Il mancato accordo con i termini e le condizioni comporter\u00e0 il rifiuto di qualsiasi prenotazione.<\/p>\t\t\t\t\t\t\t\t<\/div>\n\t\t\t\t<\/div>\n\t\t\t\t\t<\/div>\n\t\t<\/div>\n\t\t\t\t\t<\/div>\n\t\t<\/section>\n\t\t\t\t<\/div>","protected":false},"excerpt":{"rendered":"<p>Terms &#038; Conditions Terms and Conditions for Seven Island Cruises Effective Date: 01\/05\/2025 Registered Business Name: Seven Islands Cruises Registered Office Address: Nydri, Lefkada, 31100 Company Registration Number: [Insert if applicable] VAT Number: 97235383 Email: lefkascruises@gmail.com Phone: +30 6932457017 \u00a0 [&hellip;]<\/p>","protected":false},"author":1,"featured_media":0,"parent":0,"menu_order":0,"comment_status":"closed","ping_status":"closed","template":"elementor_header_footer","meta":{"footnotes":""},"class_list":["post-9698","page","type-page","status-publish","hentry"],"yoast_head":"<!-- This site is optimized with the Yoast SEO plugin v26.5 - https:\/\/yoast.com\/wordpress\/plugins\/seo\/ -->\n<title>Terms &amp; Conditions - Lefkada Daily Cruises - Lefkada Cruises - Lefkas Cruises<\/title>\n<meta name=\"robots\" content=\"index, follow, max-snippet:-1, max-image-preview:large, max-video-preview:-1\" \/>\n<link rel=\"canonical\" href=\"https:\/\/lefkascruises.com\/it\/termini-condizioni\/\" \/>\n<meta property=\"og:locale\" content=\"it_IT\" \/>\n<meta property=\"og:type\" content=\"article\" \/>\n<meta property=\"og:title\" content=\"Terms &amp; Conditions - Lefkada Daily Cruises - Lefkada Cruises - Lefkas Cruises\" \/>\n<meta property=\"og:description\" content=\"Terms &#038; Conditions Terms and Conditions for Seven Island Cruises Effective Date: 01\/05\/2025 Registered Business Name: Seven Islands Cruises Registered Office Address: Nydri, Lefkada, 31100 Company Registration Number: [Insert if applicable] VAT Number: 97235383 Email: lefkascruises@gmail.com Phone: +30 6932457017 \u00a0 [&hellip;]\" \/>\n<meta property=\"og:url\" content=\"https:\/\/lefkascruises.com\/it\/termini-condizioni\/\" \/>\n<meta property=\"og:site_name\" content=\"Lefkada Daily Cruises - Lefkada Cruises - Lefkas Cruises\" \/>\n<meta property=\"article:modified_time\" content=\"2025-08-01T07:49:33+00:00\" \/>\n<meta name=\"twitter:card\" content=\"summary_large_image\" \/>\n<meta name=\"twitter:label1\" content=\"Tempo di lettura stimato\" \/>\n\t<meta name=\"twitter:data1\" content=\"4 minuti\" \/>\n<script type=\"application\/ld+json\" class=\"yoast-schema-graph\">{\"@context\":\"https:\/\/schema.org\",\"@graph\":[{\"@type\":\"WebPage\",\"@id\":\"https:\/\/lefkascruises.com\/terms-conditions\/\",\"url\":\"https:\/\/lefkascruises.com\/terms-conditions\/\",\"name\":\"Terms &amp; Conditions - Lefkada Daily Cruises - Lefkada Cruises - Lefkas Cruises\",\"isPartOf\":{\"@id\":\"https:\/\/lefkascruises.com\/#website\"},\"datePublished\":\"2025-08-01T07:47:19+00:00\",\"dateModified\":\"2025-08-01T07:49:33+00:00\",\"breadcrumb\":{\"@id\":\"https:\/\/lefkascruises.com\/terms-conditions\/#breadcrumb\"},\"inLanguage\":\"it-IT\",\"potentialAction\":[{\"@type\":\"ReadAction\",\"target\":[\"https:\/\/lefkascruises.com\/terms-conditions\/\"]}]},{\"@type\":\"BreadcrumbList\",\"@id\":\"https:\/\/lefkascruises.com\/terms-conditions\/#breadcrumb\",\"itemListElement\":[{\"@type\":\"ListItem\",\"position\":1,\"name\":\"Home\",\"item\":\"https:\/\/lefkascruises.com\/\"},{\"@type\":\"ListItem\",\"position\":2,\"name\":\"Terms &amp; Conditions\"}]},{\"@type\":\"WebSite\",\"@id\":\"https:\/\/lefkascruises.com\/#website\",\"url\":\"https:\/\/lefkascruises.com\/\",\"name\":\"Lefkada Daily Cruises - Lefkada Cruises - Lefkas Cruises\",\"description\":\"Lefkada Daily Cruises -  Lefkada Cruises - Lefkas Cruises\",\"potentialAction\":[{\"@type\":\"SearchAction\",\"target\":{\"@type\":\"EntryPoint\",\"urlTemplate\":\"https:\/\/lefkascruises.com\/?s={search_term_string}\"},\"query-input\":{\"@type\":\"PropertyValueSpecification\",\"valueRequired\":true,\"valueName\":\"search_term_string\"}}],\"inLanguage\":\"it-IT\"}]}<\/script>\n<!-- \/ Yoast SEO plugin. -->","yoast_head_json":{"title":"Termini e Condizioni - Crociere Giornaliere a Lefkada - Crociere Lefkada - Crociere Lefkas","robots":{"index":"index","follow":"follow","max-snippet":"max-snippet:-1","max-image-preview":"max-image-preview:large","max-video-preview":"max-video-preview:-1"},"canonical":"https:\/\/lefkascruises.com\/it\/termini-condizioni\/","og_locale":"it_IT","og_type":"article","og_title":"Terms &amp; Conditions - Lefkada Daily Cruises - Lefkada Cruises - Lefkas Cruises","og_description":"Terms &#038; Conditions Terms and Conditions for Seven Island Cruises Effective Date: 01\/05\/2025 Registered Business Name: Seven Islands Cruises Registered Office Address: Nydri, Lefkada, 31100 Company Registration Number: [Insert if applicable] VAT Number: 97235383 Email: lefkascruises@gmail.com Phone: +30 6932457017 \u00a0 [&hellip;]","og_url":"https:\/\/lefkascruises.com\/it\/termini-condizioni\/","og_site_name":"Lefkada Daily Cruises - Lefkada Cruises - Lefkas Cruises","article_modified_time":"2025-08-01T07:49:33+00:00","twitter_card":"summary_large_image","twitter_misc":{"Tempo di lettura stimato":"4 minuti"},"schema":{"@context":"https:\/\/schema.org","@graph":[{"@type":"WebPage","@id":"https:\/\/lefkascruises.com\/terms-conditions\/","url":"https:\/\/lefkascruises.com\/terms-conditions\/","name":"Termini e Condizioni - Crociere Giornaliere a Lefkada - Crociere Lefkada - Crociere Lefkas","isPartOf":{"@id":"https:\/\/lefkascruises.com\/#website"},"datePublished":"2025-08-01T07:47:19+00:00","dateModified":"2025-08-01T07:49:33+00:00","breadcrumb":{"@id":"https:\/\/lefkascruises.com\/terms-conditions\/#breadcrumb"},"inLanguage":"it-IT","potentialAction":[{"@type":"ReadAction","target":["https:\/\/lefkascruises.com\/terms-conditions\/"]}]},{"@type":"BreadcrumbList","@id":"https:\/\/lefkascruises.com\/terms-conditions\/#breadcrumb","itemListElement":[{"@type":"ListItem","position":1,"name":"Home","item":"https:\/\/lefkascruises.com\/"},{"@type":"ListItem","position":2,"name":"Terms &amp; Conditions"}]},{"@type":"WebSite","@id":"https:\/\/lefkascruises.com\/#website","url":"https:\/\/lefkascruises.com\/","name":"Crociere giornaliere a Lefkada - Crociere a Lefkada - Crociere a Lefkas","description":"Crociere giornaliere a Lefkada - Crociere a Lefkada - Crociere a Lefkas","potentialAction":[{"@type":"SearchAction","target":{"@type":"EntryPoint","urlTemplate":"https:\/\/lefkascruises.com\/?s={search_term_string}"},"query-input":{"@type":"PropertyValueSpecification","valueRequired":true,"valueName":"search_term_string"}}],"inLanguage":"it-IT"}]}},"_links":{"self":[{"href":"https:\/\/lefkascruises.com\/it\/wp-json\/wp\/v2\/pages\/9698","targetHints":{"allow":["GET"]}}],"collection":[{"href":"https:\/\/lefkascruises.com\/it\/wp-json\/wp\/v2\/pages"}],"about":[{"href":"https:\/\/lefkascruises.com\/it\/wp-json\/wp\/v2\/types\/page"}],"author":[{"embeddable":true,"href":"https:\/\/lefkascruises.com\/it\/wp-json\/wp\/v2\/users\/1"}],"replies":[{"embeddable":true,"href":"https:\/\/lefkascruises.com\/it\/wp-json\/wp\/v2\/comments?post=9698"}],"version-history":[{"count":4,"href":"https:\/\/lefkascruises.com\/it\/wp-json\/wp\/v2\/pages\/9698\/revisions"}],"predecessor-version":[{"id":9702,"href":"https:\/\/lefkascruises.com\/it\/wp-json\/wp\/v2\/pages\/9698\/revisions\/9702"}],"wp:attachment":[{"href":"https:\/\/lefkascruises.com\/it\/wp-json\/wp\/v2\/media?parent=9698"}],"curies":[{"name":"wp","href":"https:\/\/api.w.org\/{rel}","templated":true}]}}