{"id":1444,"date":"2025-03-26T10:59:30","date_gmt":"2025-03-26T10:59:30","guid":{"rendered":"http:\/\/new.lefkascruises.com\/?page_id=1444"},"modified":"2025-03-26T11:02:08","modified_gmt":"2025-03-26T11:02:08","slug":"cefalonia-itaca","status":"publish","type":"page","link":"https:\/\/lefkascruises.com\/it\/cefalonia-itaca\/","title":{"rendered":"Cefalonia - Itaca"},"content":{"rendered":"<div data-elementor-type=\"wp-page\" data-elementor-id=\"1444\" class=\"elementor elementor-1444\">\n\t\t\t\t\t\t<section class=\"elementor-section elementor-top-section elementor-element elementor-element-c08454a elementor-section-height-min-height elementor-section-boxed elementor-section-height-default elementor-section-items-middle\" data-id=\"c08454a\" data-element_type=\"section\" data-settings=\"{&quot;background_background&quot;:&quot;classic&quot;,&quot;hoteller_ext_is_background_parallax&quot;:&quot;true&quot;,&quot;hoteller_ext_is_background_parallax_speed&quot;:{&quot;unit&quot;:&quot;px&quot;,&quot;size&quot;:0.1,&quot;sizes&quot;:[]},&quot;hoteller_ext_is_background_backdrop&quot;:&quot;false&quot;,&quot;hoteller_ext_is_background_on_scroll&quot;:&quot;false&quot;}\">\n\t\t\t\t\t\t\t<div class=\"elementor-background-overlay\"><\/div>\n\t\t\t\t\t\t\t<div class=\"elementor-container elementor-column-gap-default\">\n\t\t\t\t\t<div class=\"elementor-column elementor-col-100 elementor-top-column elementor-element elementor-element-407240d\" data-id=\"407240d\" data-element_type=\"column\" data-settings=\"{&quot;hoteller_ext_link_sidemenu&quot;:&quot;false&quot;,&quot;hoteller_ext_link_fullmenu&quot;:&quot;false&quot;,&quot;hoteller_ext_link_closed_fullmenu&quot;:&quot;false&quot;,&quot;hoteller_ext_is_scrollme&quot;:&quot;false&quot;,&quot;hoteller_ext_is_smoove&quot;:&quot;false&quot;,&quot;hoteller_ext_is_parallax_mouse&quot;:&quot;false&quot;,&quot;hoteller_ext_is_infinite&quot;:&quot;false&quot;,&quot;hoteller_ext_is_fadeout_animation&quot;:&quot;false&quot;,&quot;hoteller_ext_mobile_static&quot;:&quot;false&quot;}\">\n\t\t\t<div class=\"elementor-widget-wrap elementor-element-populated\">\n\t\t\t\t\t\t<div class=\"elementor-element elementor-element-e10866c elementor-widget elementor-widget-heading\" data-id=\"e10866c\" data-element_type=\"widget\" data-settings=\"{&quot;hoteller_ext_link_sidemenu&quot;:&quot;false&quot;,&quot;hoteller_ext_link_fullmenu&quot;:&quot;false&quot;,&quot;hoteller_ext_link_closed_fullmenu&quot;:&quot;false&quot;,&quot;hoteller_ext_is_scrollme&quot;:&quot;false&quot;,&quot;hoteller_ext_is_smoove&quot;:&quot;false&quot;,&quot;hoteller_ext_is_parallax_mouse&quot;:&quot;false&quot;,&quot;hoteller_ext_is_infinite&quot;:&quot;false&quot;,&quot;hoteller_ext_is_fadeout_animation&quot;:&quot;false&quot;,&quot;hoteller_ext_mobile_static&quot;:&quot;false&quot;}\" data-widget_type=\"heading.default\">\n\t\t\t\t<div class=\"elementor-widget-container\">\n\t\t\t\t\t<h1 class=\"elementor-heading-title elementor-size-default\">Cefalonia - Itaca<\/h1>\t\t\t\t<\/div>\n\t\t\t\t<\/div>\n\t\t\t\t\t<\/div>\n\t\t<\/div>\n\t\t\t\t\t<\/div>\n\t\t<\/section>\n\t\t\t\t<section class=\"elementor-section elementor-top-section elementor-element elementor-element-208b115 elementor-section-full_width elementor-section-height-default elementor-section-height-default\" data-id=\"208b115\" data-element_type=\"section\" data-settings=\"{&quot;hoteller_ext_is_background_parallax&quot;:&quot;false&quot;,&quot;hoteller_ext_is_background_backdrop&quot;:&quot;false&quot;,&quot;hoteller_ext_is_background_on_scroll&quot;:&quot;false&quot;}\">\n\t\t\t\t\t\t<div class=\"elementor-container elementor-column-gap-default\">\n\t\t\t\t\t<div class=\"elementor-column elementor-col-50 elementor-top-column elementor-element elementor-element-fb7ce21\" data-id=\"fb7ce21\" data-element_type=\"column\" data-settings=\"{&quot;hoteller_ext_link_sidemenu&quot;:&quot;false&quot;,&quot;hoteller_ext_link_fullmenu&quot;:&quot;false&quot;,&quot;hoteller_ext_link_closed_fullmenu&quot;:&quot;false&quot;,&quot;hoteller_ext_is_scrollme&quot;:&quot;false&quot;,&quot;hoteller_ext_is_smoove&quot;:&quot;false&quot;,&quot;hoteller_ext_is_parallax_mouse&quot;:&quot;false&quot;,&quot;hoteller_ext_is_infinite&quot;:&quot;false&quot;,&quot;hoteller_ext_is_fadeout_animation&quot;:&quot;false&quot;,&quot;hoteller_ext_mobile_static&quot;:&quot;false&quot;}\">\n\t\t\t<div class=\"elementor-widget-wrap elementor-element-populated\">\n\t\t\t\t\t\t<div class=\"elementor-element elementor-element-160de7b elementor-widget elementor-widget-text-editor\" data-id=\"160de7b\" data-element_type=\"widget\" data-settings=\"{&quot;hoteller_ext_link_sidemenu&quot;:&quot;false&quot;,&quot;hoteller_ext_link_fullmenu&quot;:&quot;false&quot;,&quot;hoteller_ext_link_closed_fullmenu&quot;:&quot;false&quot;,&quot;hoteller_ext_is_scrollme&quot;:&quot;false&quot;,&quot;hoteller_ext_is_smoove&quot;:&quot;false&quot;,&quot;hoteller_ext_is_parallax_mouse&quot;:&quot;false&quot;,&quot;hoteller_ext_is_infinite&quot;:&quot;false&quot;,&quot;hoteller_ext_is_fadeout_animation&quot;:&quot;false&quot;,&quot;hoteller_ext_mobile_static&quot;:&quot;false&quot;}\" data-widget_type=\"text-editor.default\">\n\t\t\t\t<div class=\"elementor-widget-container\">\n\t\t\t\t\t\t\t\t\t<h2><b>Cefalonia<\/b><\/h2><p>Cefalonia \u00e8 la pi\u00f9 grande delle isole Ionie, nella Grecia occidentale. Il capoluogo di Cefalonia \u00e8 Argostoli. Un'isola magnifica, famosa in tutto il mondo per le sue meravigliose spiagge, i villaggi tradizionali, la geografia unica, le meraviglie naturali e i ricchi monumenti storici di epoca greca, romana, veneziana e bizantina.<\/p><h3><strong>Fiskardo<\/strong><\/h3><p>Fiskardo \u00e8 il porto pi\u00f9 bello e pittoresco di Cefalonia.  \u00c8 il porto pi\u00f9 settentrionale di Cefalonia, a breve distanza da Itaca. Fiskardo ha una flotta peschereccia piccola e in diminuzione. La costa intorno a Fiskardo \u00e8 prevalentemente rocciosa, con numerose insenature di ciottoli.\u00a0<\/p><h3><strong>Itaca<\/strong><\/h3><p>Itaca \u00e8 un'isola greca situata nel Mar Ionio, al largo della costa nord-orientale di Cefalonia e a ovest della Grecia continentale.<\/p><p>Itaca ha una superficie di 120 chilometri quadrati e poco pi\u00f9 di tremila abitanti. \u00c8 la seconda pi\u00f9 piccola delle sette isole ioniche principali, dopo Paxi. Il capoluogo, Vathy o Ithaki, ha uno dei porti naturali pi\u00f9 grandi del mondo.<\/p>\t\t\t\t\t\t\t\t<\/div>\n\t\t\t\t<\/div>\n\t\t\t\t\t<\/div>\n\t\t<\/div>\n\t\t\t\t<div class=\"elementor-column elementor-col-50 elementor-top-column elementor-element elementor-element-b28507a\" data-id=\"b28507a\" data-element_type=\"column\" data-settings=\"{&quot;background_background&quot;:&quot;classic&quot;,&quot;hoteller_ext_link_sidemenu&quot;:&quot;false&quot;,&quot;hoteller_ext_link_fullmenu&quot;:&quot;false&quot;,&quot;hoteller_ext_link_closed_fullmenu&quot;:&quot;false&quot;,&quot;hoteller_ext_is_scrollme&quot;:&quot;false&quot;,&quot;hoteller_ext_is_smoove&quot;:&quot;false&quot;,&quot;hoteller_ext_is_parallax_mouse&quot;:&quot;false&quot;,&quot;hoteller_ext_is_infinite&quot;:&quot;false&quot;,&quot;hoteller_ext_is_fadeout_animation&quot;:&quot;false&quot;,&quot;hoteller_ext_mobile_static&quot;:&quot;false&quot;}\">\n\t\t\t<div class=\"elementor-widget-wrap elementor-element-populated\">\n\t\t\t\t\t\t<div class=\"elementor-element elementor-element-ff7b849 elementor-widget elementor-widget-spacer\" data-id=\"ff7b849\" data-element_type=\"widget\" data-settings=\"{&quot;hoteller_ext_link_sidemenu&quot;:&quot;false&quot;,&quot;hoteller_ext_link_fullmenu&quot;:&quot;false&quot;,&quot;hoteller_ext_link_closed_fullmenu&quot;:&quot;false&quot;,&quot;hoteller_ext_is_scrollme&quot;:&quot;false&quot;,&quot;hoteller_ext_is_smoove&quot;:&quot;false&quot;,&quot;hoteller_ext_is_parallax_mouse&quot;:&quot;false&quot;,&quot;hoteller_ext_is_infinite&quot;:&quot;false&quot;,&quot;hoteller_ext_is_fadeout_animation&quot;:&quot;false&quot;,&quot;hoteller_ext_mobile_static&quot;:&quot;false&quot;}\" data-widget_type=\"spacer.default\">\n\t\t\t\t<div class=\"elementor-widget-container\">\n\t\t\t\t\t\t\t<div class=\"elementor-spacer\">\n\t\t\t<div class=\"elementor-spacer-inner\"><\/div>\n\t\t<\/div>\n\t\t\t\t\t\t<\/div>\n\t\t\t\t<\/div>\n\t\t\t\t\t<\/div>\n\t\t<\/div>\n\t\t\t\t\t<\/div>\n\t\t<\/section>\n\t\t\t\t<section class=\"elementor-section elementor-top-section elementor-element elementor-element-9051379 elementor-section-boxed elementor-section-height-default elementor-section-height-default\" data-id=\"9051379\" data-element_type=\"section\" data-settings=\"{&quot;hoteller_ext_is_background_parallax&quot;:&quot;false&quot;,&quot;hoteller_ext_is_background_backdrop&quot;:&quot;false&quot;,&quot;hoteller_ext_is_background_on_scroll&quot;:&quot;false&quot;}\">\n\t\t\t\t\t\t<div class=\"elementor-container elementor-column-gap-default\">\n\t\t\t\t\t<div class=\"elementor-column elementor-col-100 elementor-top-column elementor-element elementor-element-8392451\" data-id=\"8392451\" data-element_type=\"column\" data-settings=\"{&quot;hoteller_ext_link_sidemenu&quot;:&quot;false&quot;,&quot;hoteller_ext_link_fullmenu&quot;:&quot;false&quot;,&quot;hoteller_ext_link_closed_fullmenu&quot;:&quot;false&quot;,&quot;hoteller_ext_is_scrollme&quot;:&quot;false&quot;,&quot;hoteller_ext_is_smoove&quot;:&quot;false&quot;,&quot;hoteller_ext_is_parallax_mouse&quot;:&quot;false&quot;,&quot;hoteller_ext_is_infinite&quot;:&quot;false&quot;,&quot;hoteller_ext_is_fadeout_animation&quot;:&quot;false&quot;,&quot;hoteller_ext_mobile_static&quot;:&quot;false&quot;}\">\n\t\t\t<div class=\"elementor-widget-wrap elementor-element-populated\">\n\t\t\t\t\t\t<div class=\"elementor-element elementor-element-c9c3c7b elementor-widget-divider--view-line elementor-widget elementor-widget-divider\" data-id=\"c9c3c7b\" data-element_type=\"widget\" data-settings=\"{&quot;hoteller_ext_link_sidemenu&quot;:&quot;false&quot;,&quot;hoteller_ext_link_fullmenu&quot;:&quot;false&quot;,&quot;hoteller_ext_link_closed_fullmenu&quot;:&quot;false&quot;,&quot;hoteller_ext_is_scrollme&quot;:&quot;false&quot;,&quot;hoteller_ext_is_smoove&quot;:&quot;false&quot;,&quot;hoteller_ext_is_parallax_mouse&quot;:&quot;false&quot;,&quot;hoteller_ext_is_infinite&quot;:&quot;false&quot;,&quot;hoteller_ext_is_fadeout_animation&quot;:&quot;false&quot;,&quot;hoteller_ext_mobile_static&quot;:&quot;false&quot;}\" data-widget_type=\"divider.default\">\n\t\t\t\t<div class=\"elementor-widget-container\">\n\t\t\t\t\t\t\t<div class=\"elementor-divider\">\n\t\t\t<span class=\"elementor-divider-separator\">\n\t\t\t\t\t\t<\/span>\n\t\t<\/div>\n\t\t\t\t\t\t<\/div>\n\t\t\t\t<\/div>\n\t\t\t\t\t<\/div>\n\t\t<\/div>\n\t\t\t\t\t<\/div>\n\t\t<\/section>\n\t\t\t\t<section class=\"elementor-section elementor-top-section elementor-element elementor-element-728bdeb elementor-section-full_width elementor-section-height-default elementor-section-height-default\" data-id=\"728bdeb\" data-element_type=\"section\" data-settings=\"{&quot;hoteller_ext_is_background_parallax&quot;:&quot;false&quot;,&quot;hoteller_ext_is_background_backdrop&quot;:&quot;false&quot;,&quot;hoteller_ext_is_background_on_scroll&quot;:&quot;false&quot;}\">\n\t\t\t\t\t\t<div class=\"elementor-container elementor-column-gap-default\">\n\t\t\t\t\t<div class=\"elementor-column elementor-col-100 elementor-top-column elementor-element elementor-element-0a205ad\" data-id=\"0a205ad\" data-element_type=\"column\" data-settings=\"{&quot;hoteller_ext_link_sidemenu&quot;:&quot;false&quot;,&quot;hoteller_ext_link_fullmenu&quot;:&quot;false&quot;,&quot;hoteller_ext_link_closed_fullmenu&quot;:&quot;false&quot;,&quot;hoteller_ext_is_scrollme&quot;:&quot;false&quot;,&quot;hoteller_ext_is_smoove&quot;:&quot;false&quot;,&quot;hoteller_ext_is_parallax_mouse&quot;:&quot;false&quot;,&quot;hoteller_ext_is_infinite&quot;:&quot;false&quot;,&quot;hoteller_ext_is_fadeout_animation&quot;:&quot;false&quot;,&quot;hoteller_ext_mobile_static&quot;:&quot;false&quot;}\">\n\t\t\t<div class=\"elementor-widget-wrap elementor-element-populated\">\n\t\t\t\t\t\t<div class=\"elementor-element elementor-element-c15c08f elementor-widget elementor-widget-hoteller-gallery-horizontal\" data-id=\"c15c08f\" data-element_type=\"widget\" data-settings=\"{&quot;hoteller_ext_link_sidemenu&quot;:&quot;false&quot;,&quot;hoteller_ext_link_fullmenu&quot;:&quot;false&quot;,&quot;hoteller_ext_link_closed_fullmenu&quot;:&quot;false&quot;,&quot;hoteller_ext_is_scrollme&quot;:&quot;false&quot;,&quot;hoteller_ext_is_smoove&quot;:&quot;false&quot;,&quot;hoteller_ext_is_parallax_mouse&quot;:&quot;false&quot;,&quot;hoteller_ext_is_infinite&quot;:&quot;false&quot;,&quot;hoteller_ext_is_fadeout_animation&quot;:&quot;false&quot;,&quot;hoteller_ext_mobile_static&quot;:&quot;false&quot;}\" data-widget_type=\"hoteller-gallery-horizontal.default\">\n\t\t\t\t<div class=\"elementor-widget-container\">\n\t\t\t\t\t<div class=\"tg_horizontal_gallery_wrapper\" data-autoplay=\"0\" data-loop=\"0\" data-navigation=\"1\" data-pagination=\"0\" data-parallax=\"0\" data-fullscreen=\"0\">\n\t\t<div class=\"tg_horizontal_gallery_cell\" style=\"margin-right:40px\">\n\t\t\t\t\t\t<img class=\"tg_horizontal_gallery_cell_img\" data-flickity-lazyload=\"https:\/\/lefkascruises.com\/wp-content\/uploads\/2025\/03\/fiskardo2a1.jpg\" alt=\"\" style=\"height:385px;\" \/>\n\t\t\t\t\t<\/div>\n\t\t<div class=\"tg_horizontal_gallery_cell\" style=\"margin-right:40px\">\n\t\t\t\t\t\t<img class=\"tg_horizontal_gallery_cell_img\" data-flickity-lazyload=\"https:\/\/lefkascruises.com\/wp-content\/uploads\/2025\/03\/577__DSC7910.jpg\" alt=\"\" style=\"height:385px;\" \/>\n\t\t\t\t\t<\/div>\n\t\t<div class=\"tg_horizontal_gallery_cell\" style=\"margin-right:40px\">\n\t\t\t\t\t\t<img class=\"tg_horizontal_gallery_cell_img\" data-flickity-lazyload=\"https:\/\/lefkascruises.com\/wp-content\/uploads\/2025\/03\/800px-Ithaki-Vathy.jpg\" alt=\"\" style=\"height:385px;\" \/>\n\t\t\t\t\t<\/div>\n\t\t<div class=\"tg_horizontal_gallery_cell\" style=\"margin-right:40px\">\n\t\t\t\t\t\t<img class=\"tg_horizontal_gallery_cell_img\" data-flickity-lazyload=\"https:\/\/lefkascruises.com\/wp-content\/uploads\/2025\/03\/1235__DSC7915.jpg\" alt=\"\" style=\"height:385px;\" \/>\n\t\t\t\t\t<\/div>\n<\/div>\n\t\t\t\t<\/div>\n\t\t\t\t<\/div>\n\t\t\t\t\t<\/div>\n\t\t<\/div>\n\t\t\t\t\t<\/div>\n\t\t<\/section>\n\t\t\t\t<\/div>","protected":false},"excerpt":{"rendered":"<p>Cefalonia - Itaca Cefalonia Cefalonia \u00e8 la pi\u00f9 grande delle isole Ionie, nella Grecia occidentale. La capitale di Cefalonia \u00e8 Argostoli. Un'isola magnifica, famosa in tutto il mondo per le sue meravigliose spiagge, i villaggi tradizionali, la geografia unica, le meraviglie naturali e i ricchi monumenti storici [...]<\/p>","protected":false},"author":1,"featured_media":0,"parent":0,"menu_order":0,"comment_status":"closed","ping_status":"closed","template":"elementor_header_footer","meta":{"footnotes":""},"class_list":["post-1444","page","type-page","status-publish","hentry"],"yoast_head":"<!-- This site is optimized with the Yoast SEO plugin v26.5 - https:\/\/yoast.com\/wordpress\/plugins\/seo\/ -->\n<title>Kefalonia \u2013 Ithaca - Lefkada Daily Cruises - Lefkada Cruises - Lefkas Cruises<\/title>\n<meta name=\"robots\" content=\"index, follow, max-snippet:-1, max-image-preview:large, max-video-preview:-1\" \/>\n<link rel=\"canonical\" href=\"https:\/\/lefkascruises.com\/it\/cefalonia-itaca\/\" \/>\n<meta property=\"og:locale\" content=\"it_IT\" \/>\n<meta property=\"og:type\" content=\"article\" \/>\n<meta property=\"og:title\" content=\"Kefalonia \u2013 Ithaca - Lefkada Daily Cruises - Lefkada Cruises - Lefkas Cruises\" \/>\n<meta property=\"og:description\" content=\"Kefalonia \u2013 Ithaca Kefalonia Kefalonia is the largest of the Ionian Islands in western Greece. The capital of\u00a0Kefalonia is Argostoli.\u00a0A magnificent island famous worldwide for its wonderful beaches, traditional villages, unique geography, natural wonders and rich historical monuments from the [&hellip;]\" \/>\n<meta property=\"og:url\" content=\"https:\/\/lefkascruises.com\/it\/cefalonia-itaca\/\" \/>\n<meta property=\"og:site_name\" content=\"Lefkada Daily Cruises - Lefkada Cruises - Lefkas Cruises\" \/>\n<meta property=\"article:modified_time\" content=\"2025-03-26T11:02:08+00:00\" \/>\n<meta name=\"twitter:card\" content=\"summary_large_image\" \/>\n<meta name=\"twitter:label1\" content=\"Tempo di lettura stimato\" \/>\n\t<meta name=\"twitter:data1\" content=\"2 minuti\" \/>\n<script type=\"application\/ld+json\" class=\"yoast-schema-graph\">{\"@context\":\"https:\/\/schema.org\",\"@graph\":[{\"@type\":\"WebPage\",\"@id\":\"https:\/\/lefkascruises.com\/kefalonia-ithaca\/\",\"url\":\"https:\/\/lefkascruises.com\/kefalonia-ithaca\/\",\"name\":\"Kefalonia \u2013 Ithaca - Lefkada Daily Cruises - Lefkada Cruises - Lefkas Cruises\",\"isPartOf\":{\"@id\":\"https:\/\/lefkascruises.com\/#website\"},\"datePublished\":\"2025-03-26T10:59:30+00:00\",\"dateModified\":\"2025-03-26T11:02:08+00:00\",\"breadcrumb\":{\"@id\":\"https:\/\/lefkascruises.com\/kefalonia-ithaca\/#breadcrumb\"},\"inLanguage\":\"it-IT\",\"potentialAction\":[{\"@type\":\"ReadAction\",\"target\":[\"https:\/\/lefkascruises.com\/kefalonia-ithaca\/\"]}]},{\"@type\":\"BreadcrumbList\",\"@id\":\"https:\/\/lefkascruises.com\/kefalonia-ithaca\/#breadcrumb\",\"itemListElement\":[{\"@type\":\"ListItem\",\"position\":1,\"name\":\"Home\",\"item\":\"https:\/\/lefkascruises.com\/\"},{\"@type\":\"ListItem\",\"position\":2,\"name\":\"Kefalonia \u2013 Ithaca\"}]},{\"@type\":\"WebSite\",\"@id\":\"https:\/\/lefkascruises.com\/#website\",\"url\":\"https:\/\/lefkascruises.com\/\",\"name\":\"Lefkada Daily Cruises - Lefkada Cruises - Lefkas Cruises\",\"description\":\"Lefkada Daily Cruises -  Lefkada Cruises - Lefkas Cruises\",\"potentialAction\":[{\"@type\":\"SearchAction\",\"target\":{\"@type\":\"EntryPoint\",\"urlTemplate\":\"https:\/\/lefkascruises.com\/?s={search_term_string}\"},\"query-input\":{\"@type\":\"PropertyValueSpecification\",\"valueRequired\":true,\"valueName\":\"search_term_string\"}}],\"inLanguage\":\"it-IT\"}]}<\/script>\n<!-- \/ Yoast SEO plugin. -->","yoast_head_json":{"title":"Cefalonia - Itaca - Crociere giornaliere Lefkada - Crociere Lefkada - Crociere Lefkas","robots":{"index":"index","follow":"follow","max-snippet":"max-snippet:-1","max-image-preview":"max-image-preview:large","max-video-preview":"max-video-preview:-1"},"canonical":"https:\/\/lefkascruises.com\/it\/cefalonia-itaca\/","og_locale":"it_IT","og_type":"article","og_title":"Kefalonia \u2013 Ithaca - Lefkada Daily Cruises - Lefkada Cruises - Lefkas Cruises","og_description":"Kefalonia \u2013 Ithaca Kefalonia Kefalonia is the largest of the Ionian Islands in western Greece. The capital of\u00a0Kefalonia is Argostoli.\u00a0A magnificent island famous worldwide for its wonderful beaches, traditional villages, unique geography, natural wonders and rich historical monuments from the [&hellip;]","og_url":"https:\/\/lefkascruises.com\/it\/cefalonia-itaca\/","og_site_name":"Lefkada Daily Cruises - Lefkada Cruises - Lefkas Cruises","article_modified_time":"2025-03-26T11:02:08+00:00","twitter_card":"summary_large_image","twitter_misc":{"Tempo di lettura stimato":"2 minuti"},"schema":{"@context":"https:\/\/schema.org","@graph":[{"@type":"WebPage","@id":"https:\/\/lefkascruises.com\/kefalonia-ithaca\/","url":"https:\/\/lefkascruises.com\/kefalonia-ithaca\/","name":"Cefalonia - Itaca - Crociere giornaliere Lefkada - Crociere Lefkada - Crociere Lefkas","isPartOf":{"@id":"https:\/\/lefkascruises.com\/#website"},"datePublished":"2025-03-26T10:59:30+00:00","dateModified":"2025-03-26T11:02:08+00:00","breadcrumb":{"@id":"https:\/\/lefkascruises.com\/kefalonia-ithaca\/#breadcrumb"},"inLanguage":"it-IT","potentialAction":[{"@type":"ReadAction","target":["https:\/\/lefkascruises.com\/kefalonia-ithaca\/"]}]},{"@type":"BreadcrumbList","@id":"https:\/\/lefkascruises.com\/kefalonia-ithaca\/#breadcrumb","itemListElement":[{"@type":"ListItem","position":1,"name":"Home","item":"https:\/\/lefkascruises.com\/"},{"@type":"ListItem","position":2,"name":"Kefalonia \u2013 Ithaca"}]},{"@type":"WebSite","@id":"https:\/\/lefkascruises.com\/#website","url":"https:\/\/lefkascruises.com\/","name":"Crociere giornaliere a Lefkada - Crociere a Lefkada - Crociere a Lefkas","description":"Crociere giornaliere a Lefkada - Crociere a Lefkada - Crociere a Lefkas","potentialAction":[{"@type":"SearchAction","target":{"@type":"EntryPoint","urlTemplate":"https:\/\/lefkascruises.com\/?s={search_term_string}"},"query-input":{"@type":"PropertyValueSpecification","valueRequired":true,"valueName":"search_term_string"}}],"inLanguage":"it-IT"}]}},"_links":{"self":[{"href":"https:\/\/lefkascruises.com\/it\/wp-json\/wp\/v2\/pages\/1444","targetHints":{"allow":["GET"]}}],"collection":[{"href":"https:\/\/lefkascruises.com\/it\/wp-json\/wp\/v2\/pages"}],"about":[{"href":"https:\/\/lefkascruises.com\/it\/wp-json\/wp\/v2\/types\/page"}],"author":[{"embeddable":true,"href":"https:\/\/lefkascruises.com\/it\/wp-json\/wp\/v2\/users\/1"}],"replies":[{"embeddable":true,"href":"https:\/\/lefkascruises.com\/it\/wp-json\/wp\/v2\/comments?post=1444"}],"version-history":[{"count":4,"href":"https:\/\/lefkascruises.com\/it\/wp-json\/wp\/v2\/pages\/1444\/revisions"}],"predecessor-version":[{"id":1449,"href":"https:\/\/lefkascruises.com\/it\/wp-json\/wp\/v2\/pages\/1444\/revisions\/1449"}],"wp:attachment":[{"href":"https:\/\/lefkascruises.com\/it\/wp-json\/wp\/v2\/media?parent=1444"}],"curies":[{"name":"wp","href":"https:\/\/api.w.org\/{rel}","templated":true}]}}